{"id":87794,"date":"2024-12-17T19:11:55","date_gmt":"2024-12-17T17:11:55","guid":{"rendered":"http:\/\/localhost:10099\/?page_id=63326"},"modified":"2025-09-29T11:50:09","modified_gmt":"2025-09-29T09:50:09","slug":"servicio-pausa","status":"publish","type":"page","link":"https:\/\/olin.es\/es\/servicio-pausa\/","title":{"rendered":"Servicio Pausa"},"content":{"rendered":"","protected":false},"excerpt":{"rendered":"","protected":false},"author":8,"featured_media":0,"parent":0,"menu_order":49,"comment_status":"closed","ping_status":"closed","template":"page-transactional.php","meta":{"_acf_changed":false,"inline_featured_image":false,"footnotes":""},"class_list":["post-87794","page","type-page","status-publish","hentry"],"acf":[],"yoast_head":"<!-- This site is optimized with the Yoast SEO plugin v27.3 - https:\/\/yoast.com\/product\/yoast-seo-wordpress\/ -->\n<title>Servicio Pausa: desactiva temporalmente tu fibra \u00f3ptica<\/title>\n<meta name=\"description\" content=\"Con el Servicio Pausa de Olin podr\u00e1s desactivar tu fibra \u00f3ptica hasta 6 meses cuando no la necesites. Paga solo por lo que disfrutas.\" \/>\n<meta name=\"robots\" content=\"index, follow, max-snippet:-1, max-image-preview:large, max-video-preview:-1\" \/>\n<link rel=\"canonical\" href=\"https:\/\/olin.es\/es\/servicio-pausa\/\" \/>\n<meta property=\"og:locale\" content=\"es_ES\" \/>\n<meta property=\"og:type\" content=\"article\" \/>\n<meta property=\"og:title\" content=\"Servicio Pausa: desactiva temporalmente tu fibra \u00f3ptica\" \/>\n<meta property=\"og:description\" content=\"Con el Servicio Pausa de Olin podr\u00e1s desactivar tu fibra \u00f3ptica hasta 6 meses cuando no la necesites. Paga solo por lo que disfrutas.\" \/>\n<meta property=\"og:url\" content=\"https:\/\/olin.es\/es\/servicio-pausa\/\" \/>\n<meta property=\"og:site_name\" content=\"Olin\" \/>\n<meta property=\"article:publisher\" content=\"https:\/\/www.facebook.com\/olintelecom\" \/>\n<meta property=\"article:modified_time\" content=\"2025-09-29T09:50:09+00:00\" \/>\n<meta name=\"twitter:card\" content=\"summary_large_image\" \/>\n<script type=\"application\/ld+json\" class=\"yoast-schema-graph\">{\"@context\":\"https:\\\/\\\/schema.org\",\"@graph\":[{\"@type\":\"WebPage\",\"@id\":\"https:\\\/\\\/olin.es\\\/es\\\/servicio-pausa\\\/\",\"url\":\"https:\\\/\\\/olin.es\\\/es\\\/servicio-pausa\\\/\",\"name\":\"Servicio Pausa: desactiva temporalmente tu fibra \u00f3ptica\",\"isPartOf\":{\"@id\":\"https:\\\/\\\/olin.es\\\/es\\\/#website\"},\"datePublished\":\"2024-12-17T17:11:55+00:00\",\"dateModified\":\"2025-09-29T09:50:09+00:00\",\"description\":\"Con el Servicio Pausa de Olin podr\u00e1s desactivar tu fibra \u00f3ptica hasta 6 meses cuando no la necesites. Paga solo por lo que disfrutas.\",\"breadcrumb\":{\"@id\":\"https:\\\/\\\/olin.es\\\/es\\\/servicio-pausa\\\/#breadcrumb\"},\"inLanguage\":\"es\",\"potentialAction\":[{\"@type\":\"ReadAction\",\"target\":[\"https:\\\/\\\/olin.es\\\/es\\\/servicio-pausa\\\/\"]}]},{\"@type\":\"BreadcrumbList\",\"@id\":\"https:\\\/\\\/olin.es\\\/es\\\/servicio-pausa\\\/#breadcrumb\",\"itemListElement\":[{\"@type\":\"ListItem\",\"position\":1,\"name\":\"Inicio\",\"item\":\"https:\\\/\\\/olin.es\\\/es\\\/\"},{\"@type\":\"ListItem\",\"position\":2,\"name\":\"Servicio Pausa\"}]},{\"@type\":\"WebSite\",\"@id\":\"https:\\\/\\\/olin.es\\\/es\\\/#website\",\"url\":\"https:\\\/\\\/olin.es\\\/es\\\/\",\"name\":\"Olin\",\"description\":\"\",\"publisher\":{\"@id\":\"https:\\\/\\\/olin.es\\\/es\\\/#organization\"},\"alternateName\":\"Olin Telecom\",\"potentialAction\":[{\"@type\":\"SearchAction\",\"target\":{\"@type\":\"EntryPoint\",\"urlTemplate\":\"https:\\\/\\\/olin.es\\\/es\\\/?s={search_term_string}\"},\"query-input\":{\"@type\":\"PropertyValueSpecification\",\"valueRequired\":true,\"valueName\":\"search_term_string\"}}],\"inLanguage\":\"es\"},{\"@type\":\"Organization\",\"@id\":\"https:\\\/\\\/olin.es\\\/es\\\/#organization\",\"name\":\"Olin\",\"alternateName\":\"Olin Telecom\",\"url\":\"https:\\\/\\\/olin.es\\\/es\\\/\",\"logo\":{\"@type\":\"ImageObject\",\"inLanguage\":\"es\",\"@id\":\"https:\\\/\\\/olin.es\\\/es\\\/#\\\/schema\\\/logo\\\/image\\\/\",\"url\":\"https:\\\/\\\/olin.es\\\/wp-content\\\/uploads\\\/2023\\\/06\\\/Captura-de-pantalla-2023-06-01-a-las-9.20.32.png\",\"contentUrl\":\"https:\\\/\\\/olin.es\\\/wp-content\\\/uploads\\\/2023\\\/06\\\/Captura-de-pantalla-2023-06-01-a-las-9.20.32.png\",\"width\":636,\"height\":636,\"caption\":\"Olin\"},\"image\":{\"@id\":\"https:\\\/\\\/olin.es\\\/es\\\/#\\\/schema\\\/logo\\\/image\\\/\"},\"sameAs\":[\"https:\\\/\\\/www.facebook.com\\\/olintelecom\",\"https:\\\/\\\/www.instagram.com\\\/olin.oficial\\\/\",\"https:\\\/\\\/www.linkedin.com\\\/company\\\/olin-telecom\\\/\"]}]}<\/script>\n<!-- \/ Yoast SEO plugin. -->","yoast_head_json":{"title":"Servicio Pausa: desactiva temporalmente tu fibra \u00f3ptica","description":"Con el Servicio Pausa de Olin podr\u00e1s desactivar tu fibra \u00f3ptica hasta 6 meses cuando no la necesites. Paga solo por lo que disfrutas.","robots":{"index":"index","follow":"follow","max-snippet":"max-snippet:-1","max-image-preview":"max-image-preview:large","max-video-preview":"max-video-preview:-1"},"canonical":"https:\/\/olin.es\/es\/servicio-pausa\/","og_locale":"es_ES","og_type":"article","og_title":"Servicio Pausa: desactiva temporalmente tu fibra \u00f3ptica","og_description":"Con el Servicio Pausa de Olin podr\u00e1s desactivar tu fibra \u00f3ptica hasta 6 meses cuando no la necesites. Paga solo por lo que disfrutas.","og_url":"https:\/\/olin.es\/es\/servicio-pausa\/","og_site_name":"Olin","article_publisher":"https:\/\/www.facebook.com\/olintelecom","article_modified_time":"2025-09-29T09:50:09+00:00","twitter_card":"summary_large_image","schema":{"@context":"https:\/\/schema.org","@graph":[{"@type":"WebPage","@id":"https:\/\/olin.es\/es\/servicio-pausa\/","url":"https:\/\/olin.es\/es\/servicio-pausa\/","name":"Servicio Pausa: desactiva temporalmente tu fibra \u00f3ptica","isPartOf":{"@id":"https:\/\/olin.es\/es\/#website"},"datePublished":"2024-12-17T17:11:55+00:00","dateModified":"2025-09-29T09:50:09+00:00","description":"Con el Servicio Pausa de Olin podr\u00e1s desactivar tu fibra \u00f3ptica hasta 6 meses cuando no la necesites. Paga solo por lo que disfrutas.","breadcrumb":{"@id":"https:\/\/olin.es\/es\/servicio-pausa\/#breadcrumb"},"inLanguage":"es","potentialAction":[{"@type":"ReadAction","target":["https:\/\/olin.es\/es\/servicio-pausa\/"]}]},{"@type":"BreadcrumbList","@id":"https:\/\/olin.es\/es\/servicio-pausa\/#breadcrumb","itemListElement":[{"@type":"ListItem","position":1,"name":"Inicio","item":"https:\/\/olin.es\/es\/"},{"@type":"ListItem","position":2,"name":"Servicio Pausa"}]},{"@type":"WebSite","@id":"https:\/\/olin.es\/es\/#website","url":"https:\/\/olin.es\/es\/","name":"Olin","description":"","publisher":{"@id":"https:\/\/olin.es\/es\/#organization"},"alternateName":"Olin Telecom","potentialAction":[{"@type":"SearchAction","target":{"@type":"EntryPoint","urlTemplate":"https:\/\/olin.es\/es\/?s={search_term_string}"},"query-input":{"@type":"PropertyValueSpecification","valueRequired":true,"valueName":"search_term_string"}}],"inLanguage":"es"},{"@type":"Organization","@id":"https:\/\/olin.es\/es\/#organization","name":"Olin","alternateName":"Olin Telecom","url":"https:\/\/olin.es\/es\/","logo":{"@type":"ImageObject","inLanguage":"es","@id":"https:\/\/olin.es\/es\/#\/schema\/logo\/image\/","url":"https:\/\/olin.es\/wp-content\/uploads\/2023\/06\/Captura-de-pantalla-2023-06-01-a-las-9.20.32.png","contentUrl":"https:\/\/olin.es\/wp-content\/uploads\/2023\/06\/Captura-de-pantalla-2023-06-01-a-las-9.20.32.png","width":636,"height":636,"caption":"Olin"},"image":{"@id":"https:\/\/olin.es\/es\/#\/schema\/logo\/image\/"},"sameAs":["https:\/\/www.facebook.com\/olintelecom","https:\/\/www.instagram.com\/olin.oficial\/","https:\/\/www.linkedin.com\/company\/olin-telecom\/"]}]}},"_links":{"self":[{"href":"https:\/\/olin.es\/es\/wp-json\/wp\/v2\/pages\/87794","targetHints":{"allow":["GET"]}}],"collection":[{"href":"https:\/\/olin.es\/es\/wp-json\/wp\/v2\/pages"}],"about":[{"href":"https:\/\/olin.es\/es\/wp-json\/wp\/v2\/types\/page"}],"author":[{"embeddable":true,"href":"https:\/\/olin.es\/es\/wp-json\/wp\/v2\/users\/8"}],"replies":[{"embeddable":true,"href":"https:\/\/olin.es\/es\/wp-json\/wp\/v2\/comments?post=87794"}],"version-history":[{"count":1,"href":"https:\/\/olin.es\/es\/wp-json\/wp\/v2\/pages\/87794\/revisions"}],"predecessor-version":[{"id":201380,"href":"https:\/\/olin.es\/es\/wp-json\/wp\/v2\/pages\/87794\/revisions\/201380"}],"wp:attachment":[{"href":"https:\/\/olin.es\/es\/wp-json\/wp\/v2\/media?parent=87794"}],"curies":[{"name":"wp","href":"https:\/\/api.w.org\/{rel}","templated":true}]}}