{"id":87793,"date":"2024-09-04T17:29:35","date_gmt":"2024-09-04T15:29:35","guid":{"rendered":"http:\/\/localhost:10099\/?page_id=62880"},"modified":"2026-04-16T12:10:33","modified_gmt":"2026-04-16T10:10:33","slug":"home-2","status":"publish","type":"page","link":"https:\/\/olin.es\/es\/","title":{"rendered":"Home"},"content":{"rendered":"","protected":false},"excerpt":{"rendered":"","protected":false},"author":8,"featured_media":207311,"parent":0,"menu_order":5,"comment_status":"closed","ping_status":"closed","template":"page-transactional.php","meta":{"_acf_changed":false,"inline_featured_image":false,"footnotes":""},"class_list":["post-87793","page","type-page","status-publish","has-post-thumbnail","hentry"],"acf":[],"yoast_head":"<!-- This site is optimized with the Yoast SEO plugin v27.4 - https:\/\/yoast.com\/product\/yoast-seo-wordpress\/ -->\n<title>Olin - Operador de telefon\u00eda m\u00f3vil e internet<\/title>\n<meta name=\"description\" content=\"Conoce todas las ofertas de Olin, tu operador de telefon\u00eda m\u00f3vil e internet. Los mejores precios en fibra \u00f3ptica y tarifas m\u00f3viles.\" \/>\n<meta name=\"robots\" content=\"index, follow, max-snippet:-1, max-image-preview:large, max-video-preview:-1\" \/>\n<link rel=\"canonical\" href=\"https:\/\/olin.es\/es\/\" \/>\n<meta property=\"og:locale\" content=\"es_ES\" \/>\n<meta property=\"og:type\" content=\"article\" \/>\n<meta property=\"og:title\" content=\"Olin - Operador de telefon\u00eda m\u00f3vil e internet\" \/>\n<meta property=\"og:description\" content=\"Conoce todas las ofertas de Olin, tu operador de telefon\u00eda m\u00f3vil e internet. Los mejores precios en fibra \u00f3ptica y tarifas m\u00f3viles.\" \/>\n<meta property=\"og:url\" content=\"https:\/\/olin.es\/es\/\" \/>\n<meta property=\"og:site_name\" content=\"Olin\" \/>\n<meta property=\"article:publisher\" content=\"https:\/\/www.facebook.com\/olintelecom\" \/>\n<meta property=\"article:modified_time\" content=\"2026-04-16T10:10:33+00:00\" \/>\n<meta property=\"og:image\" content=\"https:\/\/olin.es\/wp-content\/uploads\/2025\/03\/h-2.webp\" \/>\n\t<meta property=\"og:image:width\" content=\"530\" \/>\n\t<meta property=\"og:image:height\" content=\"684\" \/>\n\t<meta property=\"og:image:type\" content=\"image\/webp\" \/>\n<meta name=\"twitter:card\" content=\"summary_large_image\" \/>\n<meta name=\"twitter:label1\" content=\"Tiempo de lectura\" \/>\n\t<meta name=\"twitter:data1\" content=\"1 minuto\" \/>\n<script type=\"application\/ld+json\" class=\"yoast-schema-graph\">{\"@context\":\"https:\\\/\\\/schema.org\",\"@graph\":[{\"@type\":\"WebPage\",\"@id\":\"https:\\\/\\\/olin.es\\\/es\\\/\",\"url\":\"https:\\\/\\\/olin.es\\\/es\\\/\",\"name\":\"Olin - Operador de telefon\u00eda m\u00f3vil e internet\",\"isPartOf\":{\"@id\":\"https:\\\/\\\/olin.es\\\/es\\\/#website\"},\"primaryImageOfPage\":{\"@id\":\"https:\\\/\\\/olin.es\\\/es\\\/#primaryimage\"},\"image\":{\"@id\":\"https:\\\/\\\/olin.es\\\/es\\\/#primaryimage\"},\"thumbnailUrl\":\"https:\\\/\\\/olin.es\\\/wp-content\\\/uploads\\\/2025\\\/03\\\/h-2.webp\",\"datePublished\":\"2024-09-04T15:29:35+00:00\",\"dateModified\":\"2026-04-16T10:10:33+00:00\",\"description\":\"Conoce todas las ofertas de Olin, tu operador de telefon\u00eda m\u00f3vil e internet. Los mejores precios en fibra \u00f3ptica y tarifas m\u00f3viles.\",\"breadcrumb\":{\"@id\":\"https:\\\/\\\/olin.es\\\/es\\\/#breadcrumb\"},\"inLanguage\":\"es\",\"potentialAction\":[{\"@type\":\"ReadAction\",\"target\":[\"https:\\\/\\\/olin.es\\\/es\\\/\"]}]},{\"@type\":\"ImageObject\",\"inLanguage\":\"es\",\"@id\":\"https:\\\/\\\/olin.es\\\/es\\\/#primaryimage\",\"url\":\"https:\\\/\\\/olin.es\\\/wp-content\\\/uploads\\\/2025\\\/03\\\/h-2.webp\",\"contentUrl\":\"https:\\\/\\\/olin.es\\\/wp-content\\\/uploads\\\/2025\\\/03\\\/h-2.webp\",\"width\":530,\"height\":684,\"caption\":\"Olin - Operador de telefon\u00eda m\u00f3vil e internet\"},{\"@type\":\"BreadcrumbList\",\"@id\":\"https:\\\/\\\/olin.es\\\/es\\\/#breadcrumb\",\"itemListElement\":[{\"@type\":\"ListItem\",\"position\":1,\"name\":\"Inicio\",\"item\":\"https:\\\/\\\/olin.es\\\/es\\\/\"},{\"@type\":\"ListItem\",\"position\":2,\"name\":\"Home\"}]},{\"@type\":\"WebSite\",\"@id\":\"https:\\\/\\\/olin.es\\\/es\\\/#website\",\"url\":\"https:\\\/\\\/olin.es\\\/es\\\/\",\"name\":\"Olin\",\"description\":\"\",\"publisher\":{\"@id\":\"https:\\\/\\\/olin.es\\\/es\\\/#organization\"},\"alternateName\":\"Olin Telecom\",\"potentialAction\":[{\"@type\":\"SearchAction\",\"target\":{\"@type\":\"EntryPoint\",\"urlTemplate\":\"https:\\\/\\\/olin.es\\\/es\\\/?s={search_term_string}\"},\"query-input\":{\"@type\":\"PropertyValueSpecification\",\"valueRequired\":true,\"valueName\":\"search_term_string\"}}],\"inLanguage\":\"es\"},{\"@type\":\"Organization\",\"@id\":\"https:\\\/\\\/olin.es\\\/es\\\/#organization\",\"name\":\"Olin\",\"alternateName\":\"Olin Telecom\",\"url\":\"https:\\\/\\\/olin.es\\\/es\\\/\",\"logo\":{\"@type\":\"ImageObject\",\"inLanguage\":\"es\",\"@id\":\"https:\\\/\\\/olin.es\\\/es\\\/#\\\/schema\\\/logo\\\/image\\\/\",\"url\":\"https:\\\/\\\/olin.es\\\/wp-content\\\/uploads\\\/2025\\\/01\\\/logo-olin-1.svg\",\"contentUrl\":\"https:\\\/\\\/olin.es\\\/wp-content\\\/uploads\\\/2025\\\/01\\\/logo-olin-1.svg\",\"width\":1,\"height\":1,\"caption\":\"Olin\"},\"image\":{\"@id\":\"https:\\\/\\\/olin.es\\\/es\\\/#\\\/schema\\\/logo\\\/image\\\/\"},\"sameAs\":[\"https:\\\/\\\/www.facebook.com\\\/olintelecom\",\"https:\\\/\\\/www.instagram.com\\\/olin.oficial\\\/\",\"https:\\\/\\\/www.linkedin.com\\\/company\\\/olin-telecom\\\/\"]}]}<\/script>\n<!-- \/ Yoast SEO plugin. -->","yoast_head_json":{"title":"Olin - Operador de telefon\u00eda m\u00f3vil e internet","description":"Conoce todas las ofertas de Olin, tu operador de telefon\u00eda m\u00f3vil e internet. Los mejores precios en fibra \u00f3ptica y tarifas m\u00f3viles.","robots":{"index":"index","follow":"follow","max-snippet":"max-snippet:-1","max-image-preview":"max-image-preview:large","max-video-preview":"max-video-preview:-1"},"canonical":"https:\/\/olin.es\/es\/","og_locale":"es_ES","og_type":"article","og_title":"Olin - Operador de telefon\u00eda m\u00f3vil e internet","og_description":"Conoce todas las ofertas de Olin, tu operador de telefon\u00eda m\u00f3vil e internet. Los mejores precios en fibra \u00f3ptica y tarifas m\u00f3viles.","og_url":"https:\/\/olin.es\/es\/","og_site_name":"Olin","article_publisher":"https:\/\/www.facebook.com\/olintelecom","article_modified_time":"2026-04-16T10:10:33+00:00","og_image":[{"width":530,"height":684,"url":"https:\/\/olin.es\/wp-content\/uploads\/2025\/03\/h-2.webp","type":"image\/webp"}],"twitter_card":"summary_large_image","twitter_misc":{"Tiempo de lectura":"1 minuto"},"schema":{"@context":"https:\/\/schema.org","@graph":[{"@type":"WebPage","@id":"https:\/\/olin.es\/es\/","url":"https:\/\/olin.es\/es\/","name":"Olin - Operador de telefon\u00eda m\u00f3vil e internet","isPartOf":{"@id":"https:\/\/olin.es\/es\/#website"},"primaryImageOfPage":{"@id":"https:\/\/olin.es\/es\/#primaryimage"},"image":{"@id":"https:\/\/olin.es\/es\/#primaryimage"},"thumbnailUrl":"https:\/\/olin.es\/wp-content\/uploads\/2025\/03\/h-2.webp","datePublished":"2024-09-04T15:29:35+00:00","dateModified":"2026-04-16T10:10:33+00:00","description":"Conoce todas las ofertas de Olin, tu operador de telefon\u00eda m\u00f3vil e internet. Los mejores precios en fibra \u00f3ptica y tarifas m\u00f3viles.","breadcrumb":{"@id":"https:\/\/olin.es\/es\/#breadcrumb"},"inLanguage":"es","potentialAction":[{"@type":"ReadAction","target":["https:\/\/olin.es\/es\/"]}]},{"@type":"ImageObject","inLanguage":"es","@id":"https:\/\/olin.es\/es\/#primaryimage","url":"https:\/\/olin.es\/wp-content\/uploads\/2025\/03\/h-2.webp","contentUrl":"https:\/\/olin.es\/wp-content\/uploads\/2025\/03\/h-2.webp","width":530,"height":684,"caption":"Olin - Operador de telefon\u00eda m\u00f3vil e internet"},{"@type":"BreadcrumbList","@id":"https:\/\/olin.es\/es\/#breadcrumb","itemListElement":[{"@type":"ListItem","position":1,"name":"Inicio","item":"https:\/\/olin.es\/es\/"},{"@type":"ListItem","position":2,"name":"Home"}]},{"@type":"WebSite","@id":"https:\/\/olin.es\/es\/#website","url":"https:\/\/olin.es\/es\/","name":"Olin","description":"","publisher":{"@id":"https:\/\/olin.es\/es\/#organization"},"alternateName":"Olin Telecom","potentialAction":[{"@type":"SearchAction","target":{"@type":"EntryPoint","urlTemplate":"https:\/\/olin.es\/es\/?s={search_term_string}"},"query-input":{"@type":"PropertyValueSpecification","valueRequired":true,"valueName":"search_term_string"}}],"inLanguage":"es"},{"@type":"Organization","@id":"https:\/\/olin.es\/es\/#organization","name":"Olin","alternateName":"Olin Telecom","url":"https:\/\/olin.es\/es\/","logo":{"@type":"ImageObject","inLanguage":"es","@id":"https:\/\/olin.es\/es\/#\/schema\/logo\/image\/","url":"https:\/\/olin.es\/wp-content\/uploads\/2025\/01\/logo-olin-1.svg","contentUrl":"https:\/\/olin.es\/wp-content\/uploads\/2025\/01\/logo-olin-1.svg","width":1,"height":1,"caption":"Olin"},"image":{"@id":"https:\/\/olin.es\/es\/#\/schema\/logo\/image\/"},"sameAs":["https:\/\/www.facebook.com\/olintelecom","https:\/\/www.instagram.com\/olin.oficial\/","https:\/\/www.linkedin.com\/company\/olin-telecom\/"]}]}},"_links":{"self":[{"href":"https:\/\/olin.es\/es\/wp-json\/wp\/v2\/pages\/87793","targetHints":{"allow":["GET"]}}],"collection":[{"href":"https:\/\/olin.es\/es\/wp-json\/wp\/v2\/pages"}],"about":[{"href":"https:\/\/olin.es\/es\/wp-json\/wp\/v2\/types\/page"}],"author":[{"embeddable":true,"href":"https:\/\/olin.es\/es\/wp-json\/wp\/v2\/users\/8"}],"replies":[{"embeddable":true,"href":"https:\/\/olin.es\/es\/wp-json\/wp\/v2\/comments?post=87793"}],"version-history":[{"count":35,"href":"https:\/\/olin.es\/es\/wp-json\/wp\/v2\/pages\/87793\/revisions"}],"predecessor-version":[{"id":222779,"href":"https:\/\/olin.es\/es\/wp-json\/wp\/v2\/pages\/87793\/revisions\/222779"}],"wp:featuredmedia":[{"embeddable":true,"href":"https:\/\/olin.es\/es\/wp-json\/wp\/v2\/media\/207311"}],"wp:attachment":[{"href":"https:\/\/olin.es\/es\/wp-json\/wp\/v2\/media?parent=87793"}],"curies":[{"name":"wp","href":"https:\/\/api.w.org\/{rel}","templated":true}]}}