{"id":617,"date":"2023-03-01T16:11:21","date_gmt":"2023-03-01T16:11:21","guid":{"rendered":"https:\/\/olin.es\/?page_id=617"},"modified":"2026-04-28T14:04:50","modified_gmt":"2026-04-28T12:04:50","slug":"politica-de-cookies-analiticas","status":"publish","type":"page","link":"https:\/\/olin.es\/es\/politica-de-cookies-analiticas\/","title":{"rendered":"Pol\u00edtica de cookies anal\u00edticas"},"content":{"rendered":"<p class=\"p1\"><b>POL\u00cdTICA DE COOKIES<\/b><\/p>\n<p class=\"p2\">De acuerdo con lo dispuesto en la Ley 34\/2002, de 11 de julio, de Servicios de la Sociedad de la Informaci\u00f3n y de Comercio Electr\u00f3nico (LSSI), el Reglamento (UE) 2016\/679 del Parlamento Europeo y del Consejo del 27 de abril de 2016 (RGPD) y dem\u00e1s normativa aplicable en materia de cookies, se informa al usuario que la p\u00e1gina web utiliza cookies tanto propias como de terceros con diversas finalidades que se detallan a continuaci\u00f3n.<\/p>\n<p class=\"p3\">Se recomienda al usuario que lea atentamente esta Pol\u00edtica de Cookies para informarse sobre el uso responsable que la p\u00e1gina web hace de ellas y sobre las opciones que el usuario tiene para configurar su navegador y gestionarlas.<\/p>\n<p class=\"p4\"><b>1. \u00bfQu\u00e9 es una Cookie?<\/b><\/p>\n<p class=\"p2\">Una cookie es un peque\u00f1o archivo de texto que se almacena en el directorio del navegador y le permite recordar la informaci\u00f3n que se genera entre las p\u00e1ginas web y el navegador. Las cookies, tanto propias como de terceros, permiten recordar cada parte de los procesos online realizados a medida que se avanza a trav\u00e9s de la p\u00e1gina web y as\u00ed poder mostrar el contenido adecuado en funci\u00f3n de las opciones seleccionadas. Tambi\u00e9n ayuda a entender el comportamiento del usuario dentro de la p\u00e1gina web permitiendo mejorar su experiencia a trav\u00e9s de esta.<\/p>\n<p class=\"p3\">Las cookies que las p\u00e1ginas web utilizan pueden almacenar alg\u00fan dato personal del usuario, como datos de conexi\u00f3n, IP, geolocalizaci\u00f3n y navegaci\u00f3n, as\u00ed como informaci\u00f3n que pueda servir para identificarle si el propio usuario se ha registrado voluntariamente y cumplimentado alguno de los formularios de los que dispone la web.<\/p>\n<p class=\"p4\"><b>2. Consentimiento<\/b><\/p>\n<p class=\"p2\">Se informa al usuario que la presente p\u00e1gina web, en caso de que el usuario haya dado su consentimiento, podr\u00e1 utilizar cookies que permitir\u00e1n tener m\u00e1s informaci\u00f3n acerca de las preferencias del usuario, personalizando la web de conformidad con los intereses individuales. No se requerir\u00e1 el consentimiento del usuario en los supuestos en los que las cookies sean necesarias para la navegaci\u00f3n por la misma.<\/p>\n<p class=\"p3\">Cada vez que el usuario acceda a la presente p\u00e1gina web le aparecer\u00e1 un mensaje de aviso de cookies en el que podr\u00e1 activar y desactivar aquellas que considere oportuno.<\/p>\n<p class=\"p4\"><b>3. Tipos de Cookies<\/b><\/p>\n<p class=\"p2\">Las cookies se pueden clasificar en funci\u00f3n de su procedencia, de su duraci\u00f3n y de su finalidad.<\/p>\n<ul class=\"ul1\">\n<li class=\"li5\">En funci\u00f3n de su procedencia\/titularidad:\n<ul class=\"ul1\">\n<li class=\"li5\">Cookies propias: Son aqu\u00e9llas que se env\u00edan al equipo terminal del usuario desde un equipo o dominio gestionado por el titular de la p\u00e1gina web y desde la que se presta el servicio solicitado por el usuario.<\/li>\n<li class=\"li5\">Cookies de tercero: Son aqu\u00e9llas que se env\u00edan al equipo terminal del usuario desde un equipo o dominio que no es gestionado por el titular de la p\u00e1gina web desde la que se presta el servicio solicitado por el usuario, sino por otra entidad que trata los datos obtenidos trav\u00e9s de las cookies. Asimismo, en el caso de que las cookies sean instaladas desde un equipo o dominio gestionado por el propio titular de la p\u00e1gina web, pero la informaci\u00f3n que se recoja mediante \u00e9stas sea gestionada por un tercero, tambi\u00e9n ser\u00e1n consideradas como cookies de terceros.<\/li>\n<\/ul>\n<\/li>\n<li class=\"li5\">En funci\u00f3n de su duraci\u00f3n:\n<ul class=\"ul1\">\n<li class=\"li5\">Cookies de sesi\u00f3n: Son un tipo de cookies dise\u00f1adas para recabar y almacenar datos mientras el usuario accede a una p\u00e1gina web. Estas cookies no quedan almacenadas en el ordenador del usuario cuando caduca la sesi\u00f3n o este cierra el navegador.<\/li>\n<li class=\"li5\">Cookies permanentes: Son un tipo de cookies en el que los datos siguen almacenados en el ordenador del usuario y pueden ser accedidos y tratados cuando el usuario abandona la p\u00e1gina web y cuando se vuelva a conectar a ella. Estas cookies pueden ser borradas en cualquier momento por el Usuario.<\/li>\n<\/ul>\n<\/li>\n<li class=\"li5\">En funci\u00f3n de su finalidad:\n<ul class=\"ul1\">\n<li class=\"li5\">Cookies t\u00e9cnicas: Son aqu\u00e9llas necesarias e imprescindibles para el buen funcionamiento de la web, que permiten al usuario la navegaci\u00f3n a trav\u00e9s de una p\u00e1gina web, plataforma o aplicaci\u00f3n y la utilizaci\u00f3n de las diferentes opciones o servicios que en ella existan como, por ejemplo, controlar el tr\u00e1fico y la comunicaci\u00f3n de datos, identificar la sesi\u00f3n, acceder a partes de acceso restringido, recordar los elementos que integran un pedido, realizar el proceso de compra de un pedido, realizar la solicitud de inscripci\u00f3n o participaci\u00f3n en un evento, utilizar elementos de seguridad durante la navegaci\u00f3n, almacenar contenidos para la difusi\u00f3n de videos o sonido o compartir contenidos a trav\u00e9s de redes sociales.<\/li>\n<li class=\"li5\">Cookies de an\u00e1lisis: Son aqu\u00e9llas que permiten al responsable de las mismas, el seguimiento y an\u00e1lisis del comportamiento de los usuarios de la p\u00e1gina web al que est\u00e1n vinculadas. La informaci\u00f3n recogida mediante este tipo de cookies se utiliza en la medici\u00f3n de la actividad de la web, plataforma o aplicaci\u00f3n y para la elaboraci\u00f3n de perfiles de navegaci\u00f3n de los usuarios de dicha web, plataforma o aplicaci\u00f3n, con el fin de introducir mejoras en funci\u00f3n del an\u00e1lisis de los datos de uso que hacen los usuarios.<\/li>\n<li class=\"li5\">Cookies de personalizaci\u00f3n: Son aqu\u00e9llas que permiten al usuario acceder al servicio con algunas caracter\u00edsticas de car\u00e1cter general predefinidas en funci\u00f3n de una serie de criterios en el terminal del usuario como por ejemplo serian el idioma, el tipo de navegador a trav\u00e9s del cual accede al servicio, la configuraci\u00f3n regional desde donde accede al servicio, etc.<\/li>\n<li class=\"li5\">Cookies de Geolocalizaci\u00f3n: Se utilizan para saber en qu\u00e9 lugar se encuentra un usuario cuando solicita un servicio. Esta cookie es an\u00f3nima y se usa por ejemplo para ofrecerle la informaci\u00f3n adecuada dependiendo del pa\u00eds en el que se encuentre.<\/li>\n<li class=\"li5\">Cookies publicitarias: Son aqu\u00e9llas que permiten gestionar de la forma m\u00e1s eficaz posible la oferta de los espacios publicitarios que hay en la p\u00e1gina web, adecuando el contenido del anuncio al contenido del servicio solicitado o al uso que realice de nuestra p\u00e1gina web.<\/li>\n<li class=\"li5\">Cookies de publicidad comportamental: Son aqu\u00e9llas que permiten la gesti\u00f3n, de la forma m\u00e1s eficaz posible, de los espacios publicitarios que hay en la p\u00e1gina web. Estas cookies almacenan informaci\u00f3n del comportamiento de los usuarios obtenida a trav\u00e9s de la observaci\u00f3n continuada de sus h\u00e1bitos de navegaci\u00f3n, lo que permite desarrollar un perfil espec\u00edfico para mostrar publicidad en funci\u00f3n del mismo.<\/li>\n<li class=\"li3\">Cookies de redes sociales externas: Se utilizan para que los usuarios puedan interactuar con el contenido de diferentes plataformas sociales (facebook, youtube, twitter, linkedIn, etc..) y que se generen \u00fanicamente para los usuarios de dichas redes sociales. Las condiciones de utilizaci\u00f3n de estas cookies y la informaci\u00f3n recopilada se regulan mediante la pol\u00edtica de privacidad de la plataforma social correspondiente.<\/li>\n<\/ul>\n<\/li>\n<\/ul>\n<p class=\"p4\"><b>4. Cookies utilizadas en este sitio web<\/b><\/p>\n<p class=\"p2\">Se informa al usuario sobre el tipo de cookies que est\u00e1n siendo utilizadas en esta p\u00e1gina web, as\u00ed como su finalidad, procedencia\/titularidad y duraci\u00f3n:<\/p>\n<p>&nbsp;<\/p>\n<table class=\"t1\" cellspacing=\"0\" cellpadding=\"0\">\n<tbody>\n<tr>\n<td class=\"td1\" valign=\"middle\">\n<p class=\"p6\"><b>Nombre Cookie<\/b><\/p>\n<\/td>\n<td class=\"td2\" valign=\"middle\">\n<p class=\"p6\"><b>Finalidad<\/b><\/p>\n<\/td>\n<td class=\"td3\" valign=\"middle\">\n<p class=\"p6\"><b>Titularidad<\/b><\/p>\n<\/td>\n<td class=\"td4\" valign=\"middle\">\n<p class=\"p6\"><b>Descripci\u00f3n<\/b><\/p>\n<\/td>\n<td class=\"td5\" valign=\"middle\">\n<p class=\"p6\"><b>Duraci\u00f3n<\/b><\/p>\n<\/td>\n<\/tr>\n<tr>\n<td class=\"td6\" valign=\"middle\">_GRECAPTCHA<\/td>\n<td class=\"td7\" valign=\"middle\">Necesaria<\/td>\n<td class=\"td8\" valign=\"middle\">www.google.com<\/td>\n<td class=\"td9\" valign=\"middle\">Google reCAPTCHA establece una cookie necesaria (_GRECAPTCHA) cuando se ejecuta con el prop\u00f3sito de proporcionar su an\u00e1lisis de riesgos.<\/td>\n<td class=\"td10\" valign=\"middle\">6 meses<\/td>\n<\/tr>\n<tr>\n<td class=\"td11\" valign=\"middle\">cookieyes-consent<\/td>\n<td class=\"td12\" valign=\"middle\">Necesaria<\/td>\n<td class=\"td13\" valign=\"middle\">olin.es<\/td>\n<td class=\"td14\" valign=\"middle\">Esta cookie se utiliza para recordar el consentimiento del usuario sobre el uso de cookies en el sitio web.<\/td>\n<td class=\"td15\" valign=\"middle\">1 a\u00f1o<\/td>\n<\/tr>\n<tr>\n<td class=\"td6\" valign=\"middle\">_ga_WNRPSYM5F9<\/td>\n<td class=\"td7\" valign=\"middle\">Rendimiento<\/td>\n<td class=\"td8\" valign=\"middle\">olin.es<\/td>\n<td class=\"td9\" valign=\"middle\">Esta cookie es utilizada por Google Analytics para mantener el estado de la sesi\u00f3n.<\/td>\n<td class=\"td10\" valign=\"middle\">1 a\u00f1o 1 mes<\/td>\n<\/tr>\n<tr>\n<td class=\"td6\" valign=\"middle\">_ga<\/td>\n<td class=\"td7\" valign=\"middle\">Rendimiento<\/td>\n<td class=\"td8\" valign=\"middle\">olin.es<\/td>\n<td class=\"td9\" valign=\"middle\">Este nombre de cookie est\u00e1 asociado con Google Universal Analytics, que es una actualizaci\u00f3n significativa del servicio de an\u00e1lisis m\u00e1s com\u00fanmente utilizado por Google. Esta cookie se usa para distinguir a los usuarios \u00fanicos asignando un n\u00famero generado aleatoriamente como identificador de cliente. Se incluye en cada solicitud de p\u00e1gina en un sitio y se utiliza para calcular datos de visitantes, sesiones y campa\u00f1as para los informes anal\u00edticos del sitio.<\/td>\n<td class=\"td10\" valign=\"middle\">1 a\u00f1o 1 mes<\/td>\n<\/tr>\n<\/tbody>\n<\/table>\n<p class=\"p4\"><b>5. Deshabilitar o eliminar cookies (en los navegadores m\u00e1s usados)<\/b><\/p>\n<p class=\"p2\">El uso de cookies tiene un efecto sobre la privacidad de los usuarios dado que, por regla general, permite relacionar su contenido con la direcci\u00f3n IP de conexi\u00f3n y con otros datos de car\u00e1cter personal del usuario como los aportados voluntariamente.<\/p>\n<p class=\"p2\">Mediante la aceptaci\u00f3n de la presente Pol\u00edtica de Cookies, el usuario estar\u00e1 consintiendo la generaci\u00f3n de cookies para las finalidades arriba mencionadas.<\/p>\n<p class=\"p2\">No obstante, en caso de que el usuario desee con posterioridad eliminar las cookies que se hayan almacenado en su ordenador y que necesariamente precisen de su consentimiento, podr\u00e1 hacerlo usando las herramientas que le proporcione su navegador a dichos efectos. En este sentido, dependiendo de su navegador, en los siguientes enlaces se detalla el procedimiento para desactivar las cookies:<\/p>\n<ul class=\"ul1\">\n<li class=\"li9\"><span class=\"s2\"><a href=\"https:\/\/support.apple.com\/es-es\/105082\"><span class=\"s3\">Safari<\/span><\/a><\/span><\/li>\n<li class=\"li9\"><span class=\"s2\"><a href=\"https:\/\/support.google.com\/chrome\/answer\/95647?hl=es-es\"><span class=\"s3\">Chrome<\/span><\/a><\/span><\/li>\n<li class=\"li9\"><span class=\"s2\"><a href=\"https:\/\/help.opera.com\/en\/latest\/web-preferences\/\"><span class=\"s3\">Opera<\/span><\/a><\/span><\/li>\n<li class=\"li9\"><span class=\"s2\"><a href=\"https:\/\/support.mozilla.org\/es\/kb\/Deshabilitar%20cookies%20de%20terceros\"><span class=\"s3\">Firefox<\/span><\/a><\/span><\/li>\n<li class=\"li10\"><span class=\"s2\"><a href=\"https:\/\/support.microsoft.com\/es-es\/windows\/administrar-cookies-en-microsoft-edge-ver-permitir-bloquear-eliminar-y-usar-168dab11-0753-043d-7c16-ede5947fc64d\"><span class=\"s3\">Internet Explorer<\/span><\/a><\/span><\/li>\n<\/ul>\n<p class=\"p4\"><b>6. Responsabilidades<\/b><\/p>\n<ul class=\"ul1\">\n<li class=\"li5\">Ni la presente p\u00e1gina web ni sus representantes legales, se hacen responsables ni del contenido ni de la veracidad de las pol\u00edticas de privacidad \/ pol\u00edticas de cookies que puedan tener los terceros mencionados en la presente pol\u00edtica de cookies.<\/li>\n<li class=\"li5\">Los navegadores web son las herramientas encargadas de almacenar las cookies y desde este lugar debe efectuar su derecho a eliminaci\u00f3n o desactivaci\u00f3n de las mismas. Ni la presente p\u00e1gina web ni sus representantes legales, pueden garantizar la correcta o incorrecta manipulaci\u00f3n de las cookies por parte de los mencionados navegadores.<\/li>\n<li class=\"li3\">En el caso de bloquear o eliminar las cookies, la p\u00e1gina web no podr\u00e1 mantener las preferencias del usuario y es posible que algunas caracter\u00edsticas de la p\u00e1gina web no est\u00e9n operativas, o haya que solicitarle de nuevo al usuario autorizaci\u00f3n para su uso.<\/li>\n<\/ul>\n<p class=\"p4\"><b>7. Actualizaci\u00f3n de la Pol\u00edtica de Cookies y contacto<\/b><\/p>\n<p class=\"p2\">La presente pol\u00edtica de cookies puede ir variando en funci\u00f3n de las cookies que se utilicen o en funci\u00f3n de cambios en la normativa aplicable en materia de cookies.<\/p>\n<p class=\"p2\">Se recomienda al usuario revisar la pol\u00edtica de cookies cada vez que acceda a la p\u00e1gina web con el objetivo de estar adecuadamente informado sobre el uso y finalidades de las cookies, as\u00ed como para tener conocimiento de cualquier cambio en el tipo de datos que se recogen.<\/p>\n<p class=\"p2\">En el caso de que el usuario tenga alg\u00fan problema o duda relacionada con el uso de las cookies en este sitio web, puede contactar a trav\u00e9s de la siguiente direcci\u00f3n de correo electr\u00f3nico indicada en la p\u00e1gina web.<\/p>\n","protected":false},"excerpt":{"rendered":"<p>POL\u00cdTICA DE COOKIES De acuerdo con lo dispuesto en la Ley 34\/2002, de 11 de julio, de Servicios de la Sociedad de la Informaci\u00f3n y de Comercio Electr\u00f3nico (LSSI), el Reglamento (UE) 2016\/679 del Parlamento Europeo y del Consejo del 27 de abril de 2016 (RGPD) y dem\u00e1s normativa aplicable en materia de cookies, se [&hellip;]<\/p>\n","protected":false},"author":8,"featured_media":0,"parent":0,"menu_order":147,"comment_status":"closed","ping_status":"closed","template":"page-legal.php","meta":{"_acf_changed":false,"inline_featured_image":false,"footnotes":""},"class_list":["post-617","page","type-page","status-publish","hentry"],"acf":[],"yoast_head":"<!-- This site is optimized with the Yoast SEO plugin v27.4 - https:\/\/yoast.com\/product\/yoast-seo-wordpress\/ -->\n<title>Pol\u00edtica de cookies anal\u00edticas - Olin<\/title>\n<meta name=\"robots\" content=\"noindex, follow\" \/>\n<meta property=\"og:locale\" content=\"es_ES\" \/>\n<meta property=\"og:type\" content=\"article\" \/>\n<meta property=\"og:title\" content=\"Pol\u00edtica de cookies anal\u00edticas - Olin\" \/>\n<meta property=\"og:description\" content=\"POL\u00cdTICA DE COOKIES De acuerdo con lo dispuesto en la Ley 34\/2002, de 11 de julio, de Servicios de la Sociedad de la Informaci\u00f3n y de Comercio Electr\u00f3nico (LSSI), el Reglamento (UE) 2016\/679 del Parlamento Europeo y del Consejo del 27 de abril de 2016 (RGPD) y dem\u00e1s normativa aplicable en materia de cookies, se [&hellip;]\" \/>\n<meta property=\"og:url\" content=\"https:\/\/olin.es\/es\/politica-de-cookies-analiticas\/\" \/>\n<meta property=\"og:site_name\" content=\"Olin\" \/>\n<meta property=\"article:publisher\" content=\"https:\/\/www.facebook.com\/olintelecom\" \/>\n<meta property=\"article:modified_time\" content=\"2026-04-28T12:04:50+00:00\" \/>\n<meta property=\"og:image\" content=\"https:\/\/olin.es\/wp-content\/uploads\/2026\/04\/Banner-home-1.webp\" \/>\n\t<meta property=\"og:image:width\" content=\"1923\" \/>\n\t<meta property=\"og:image:height\" content=\"525\" \/>\n\t<meta property=\"og:image:type\" content=\"image\/webp\" \/>\n<meta name=\"twitter:card\" content=\"summary_large_image\" \/>\n<meta name=\"twitter:label1\" content=\"Tiempo de lectura\" \/>\n\t<meta name=\"twitter:data1\" content=\"8 minutos\" \/>\n<script type=\"application\/ld+json\" class=\"yoast-schema-graph\">{\"@context\":\"https:\\\/\\\/schema.org\",\"@graph\":[{\"@type\":\"WebPage\",\"@id\":\"https:\\\/\\\/olin.es\\\/es\\\/politica-de-cookies-analiticas\\\/\",\"url\":\"https:\\\/\\\/olin.es\\\/es\\\/politica-de-cookies-analiticas\\\/\",\"name\":\"Pol\u00edtica de cookies anal\u00edticas - Olin\",\"isPartOf\":{\"@id\":\"https:\\\/\\\/olin.es\\\/es\\\/#website\"},\"datePublished\":\"2023-03-01T16:11:21+00:00\",\"dateModified\":\"2026-04-28T12:04:50+00:00\",\"breadcrumb\":{\"@id\":\"https:\\\/\\\/olin.es\\\/es\\\/politica-de-cookies-analiticas\\\/#breadcrumb\"},\"inLanguage\":\"es\",\"potentialAction\":[{\"@type\":\"ReadAction\",\"target\":[\"https:\\\/\\\/olin.es\\\/es\\\/politica-de-cookies-analiticas\\\/\"]}]},{\"@type\":\"BreadcrumbList\",\"@id\":\"https:\\\/\\\/olin.es\\\/es\\\/politica-de-cookies-analiticas\\\/#breadcrumb\",\"itemListElement\":[{\"@type\":\"ListItem\",\"position\":1,\"name\":\"Inicio\",\"item\":\"https:\\\/\\\/olin.es\\\/es\\\/\"},{\"@type\":\"ListItem\",\"position\":2,\"name\":\"Pol\u00edtica de cookies anal\u00edticas\"}]},{\"@type\":\"WebSite\",\"@id\":\"https:\\\/\\\/olin.es\\\/es\\\/#website\",\"url\":\"https:\\\/\\\/olin.es\\\/es\\\/\",\"name\":\"Olin\",\"description\":\"\",\"publisher\":{\"@id\":\"https:\\\/\\\/olin.es\\\/es\\\/#organization\"},\"alternateName\":\"Olin Telecom\",\"potentialAction\":[{\"@type\":\"SearchAction\",\"target\":{\"@type\":\"EntryPoint\",\"urlTemplate\":\"https:\\\/\\\/olin.es\\\/es\\\/?s={search_term_string}\"},\"query-input\":{\"@type\":\"PropertyValueSpecification\",\"valueRequired\":true,\"valueName\":\"search_term_string\"}}],\"inLanguage\":\"es\"},{\"@type\":\"Organization\",\"@id\":\"https:\\\/\\\/olin.es\\\/es\\\/#organization\",\"name\":\"Olin\",\"alternateName\":\"Olin Telecom\",\"url\":\"https:\\\/\\\/olin.es\\\/es\\\/\",\"logo\":{\"@type\":\"ImageObject\",\"inLanguage\":\"es\",\"@id\":\"https:\\\/\\\/olin.es\\\/es\\\/#\\\/schema\\\/logo\\\/image\\\/\",\"url\":\"https:\\\/\\\/olin.es\\\/wp-content\\\/uploads\\\/2025\\\/01\\\/logo-olin-1.svg\",\"contentUrl\":\"https:\\\/\\\/olin.es\\\/wp-content\\\/uploads\\\/2025\\\/01\\\/logo-olin-1.svg\",\"width\":1,\"height\":1,\"caption\":\"Olin\"},\"image\":{\"@id\":\"https:\\\/\\\/olin.es\\\/es\\\/#\\\/schema\\\/logo\\\/image\\\/\"},\"sameAs\":[\"https:\\\/\\\/www.facebook.com\\\/olintelecom\",\"https:\\\/\\\/www.instagram.com\\\/olin.oficial\\\/\",\"https:\\\/\\\/www.linkedin.com\\\/company\\\/olin-telecom\\\/\"]}]}<\/script>\n<!-- \/ Yoast SEO plugin. -->","yoast_head_json":{"title":"Pol\u00edtica de cookies anal\u00edticas - Olin","robots":{"index":"noindex","follow":"follow"},"og_locale":"es_ES","og_type":"article","og_title":"Pol\u00edtica de cookies anal\u00edticas - Olin","og_description":"POL\u00cdTICA DE COOKIES De acuerdo con lo dispuesto en la Ley 34\/2002, de 11 de julio, de Servicios de la Sociedad de la Informaci\u00f3n y de Comercio Electr\u00f3nico (LSSI), el Reglamento (UE) 2016\/679 del Parlamento Europeo y del Consejo del 27 de abril de 2016 (RGPD) y dem\u00e1s normativa aplicable en materia de cookies, se [&hellip;]","og_url":"https:\/\/olin.es\/es\/politica-de-cookies-analiticas\/","og_site_name":"Olin","article_publisher":"https:\/\/www.facebook.com\/olintelecom","article_modified_time":"2026-04-28T12:04:50+00:00","og_image":[{"width":1923,"height":525,"url":"https:\/\/olin.es\/wp-content\/uploads\/2026\/04\/Banner-home-1.webp","type":"image\/webp"}],"twitter_card":"summary_large_image","twitter_misc":{"Tiempo de lectura":"8 minutos"},"schema":{"@context":"https:\/\/schema.org","@graph":[{"@type":"WebPage","@id":"https:\/\/olin.es\/es\/politica-de-cookies-analiticas\/","url":"https:\/\/olin.es\/es\/politica-de-cookies-analiticas\/","name":"Pol\u00edtica de cookies anal\u00edticas - Olin","isPartOf":{"@id":"https:\/\/olin.es\/es\/#website"},"datePublished":"2023-03-01T16:11:21+00:00","dateModified":"2026-04-28T12:04:50+00:00","breadcrumb":{"@id":"https:\/\/olin.es\/es\/politica-de-cookies-analiticas\/#breadcrumb"},"inLanguage":"es","potentialAction":[{"@type":"ReadAction","target":["https:\/\/olin.es\/es\/politica-de-cookies-analiticas\/"]}]},{"@type":"BreadcrumbList","@id":"https:\/\/olin.es\/es\/politica-de-cookies-analiticas\/#breadcrumb","itemListElement":[{"@type":"ListItem","position":1,"name":"Inicio","item":"https:\/\/olin.es\/es\/"},{"@type":"ListItem","position":2,"name":"Pol\u00edtica de cookies anal\u00edticas"}]},{"@type":"WebSite","@id":"https:\/\/olin.es\/es\/#website","url":"https:\/\/olin.es\/es\/","name":"Olin","description":"","publisher":{"@id":"https:\/\/olin.es\/es\/#organization"},"alternateName":"Olin Telecom","potentialAction":[{"@type":"SearchAction","target":{"@type":"EntryPoint","urlTemplate":"https:\/\/olin.es\/es\/?s={search_term_string}"},"query-input":{"@type":"PropertyValueSpecification","valueRequired":true,"valueName":"search_term_string"}}],"inLanguage":"es"},{"@type":"Organization","@id":"https:\/\/olin.es\/es\/#organization","name":"Olin","alternateName":"Olin Telecom","url":"https:\/\/olin.es\/es\/","logo":{"@type":"ImageObject","inLanguage":"es","@id":"https:\/\/olin.es\/es\/#\/schema\/logo\/image\/","url":"https:\/\/olin.es\/wp-content\/uploads\/2025\/01\/logo-olin-1.svg","contentUrl":"https:\/\/olin.es\/wp-content\/uploads\/2025\/01\/logo-olin-1.svg","width":1,"height":1,"caption":"Olin"},"image":{"@id":"https:\/\/olin.es\/es\/#\/schema\/logo\/image\/"},"sameAs":["https:\/\/www.facebook.com\/olintelecom","https:\/\/www.instagram.com\/olin.oficial\/","https:\/\/www.linkedin.com\/company\/olin-telecom\/"]}]}},"_links":{"self":[{"href":"https:\/\/olin.es\/es\/wp-json\/wp\/v2\/pages\/617","targetHints":{"allow":["GET"]}}],"collection":[{"href":"https:\/\/olin.es\/es\/wp-json\/wp\/v2\/pages"}],"about":[{"href":"https:\/\/olin.es\/es\/wp-json\/wp\/v2\/types\/page"}],"author":[{"embeddable":true,"href":"https:\/\/olin.es\/es\/wp-json\/wp\/v2\/users\/8"}],"replies":[{"embeddable":true,"href":"https:\/\/olin.es\/es\/wp-json\/wp\/v2\/comments?post=617"}],"version-history":[{"count":4,"href":"https:\/\/olin.es\/es\/wp-json\/wp\/v2\/pages\/617\/revisions"}],"predecessor-version":[{"id":225187,"href":"https:\/\/olin.es\/es\/wp-json\/wp\/v2\/pages\/617\/revisions\/225187"}],"wp:attachment":[{"href":"https:\/\/olin.es\/es\/wp-json\/wp\/v2\/media?parent=617"}],"curies":[{"name":"wp","href":"https:\/\/api.w.org\/{rel}","templated":true}]}}