{"id":559,"date":"2023-02-26T09:58:16","date_gmt":"2023-02-26T09:58:16","guid":{"rendered":"https:\/\/olin.es\/?page_id=559"},"modified":"2026-02-27T17:47:56","modified_gmt":"2026-02-27T15:47:56","slug":"consentimiento-para-el-tratamiento-de-datos-personales","status":"publish","type":"page","link":"https:\/\/olin.es\/es\/consentimiento-para-el-tratamiento-de-datos-personales\/","title":{"rendered":"Consentimiento para el tratamiento de datos personales"},"content":{"rendered":"<p><strong>Olivenet Network S.L.U.<\/strong> es el Responsable del tratamiento de los datos personales del Usuario y le informa de que estos datos se tratar\u00e1n de conformidad con lo dispuesto en el Reglamento (UE) 2016\/679, de 27 de abril (GDPR), y la Ley Org\u00e1nica 3\/2018, de 5 de diciembre (LOPDGDD), por lo que se le facilita la siguiente informaci\u00f3n del tratamiento:<\/p>\n<p><strong>Fines y legitimaci\u00f3n del tratamiento<\/strong>: mantener una relaci\u00f3n comercial (por inter\u00e9s leg\u00edtimo del responsable, art. 6.1.f GDPR) y env\u00edo de comunicaciones de productos o servicios (con el consentimiento del interesado, art. 6.1.a GDPR).<\/p>\n<p><strong>Criterios de conservaci\u00f3n de los datos<\/strong>: se conservar\u00e1n durante no m\u00e1s tiempo del necesario para mantener el fin del tratamiento o existan prescripciones legales que dictaminen su custodia y cuando ya no sea necesario para ello, se suprimir\u00e1n con medidas de seguridad adecuadas para garantizar la anonimizaci\u00f3n de los datos o la destrucci\u00f3n total de los mismos.<\/p>\n<p><strong>Comunicaci\u00f3n de los datos<\/strong>: no se comunicar\u00e1n los datos a terceros, salvo obligaci\u00f3n legal.<\/p>\n<p><strong>Derechos que asisten al Usuario<\/strong>:<\/p>\n<ul>\n<li>Derecho a retirar el consentimiento en cualquier momento.<\/li>\n<li>Derecho de acceso, rectificaci\u00f3n, portabilidad y supresi\u00f3n de sus datos, y de limitaci\u00f3n u oposici\u00f3n a su tratamiento.<\/li>\n<li>Derecho a presentar una reclamaci\u00f3n ante la Autoridad de control (www.aepd.es) si considera que el tratamiento no se ajusta a la normativa vigente.<\/li>\n<\/ul>\n<p><strong>Datos de contacto para ejercer sus derechos<\/strong>: Olivenet Network S.L.U.. Avenida Miguel de Cervantes S\/N &#8211; edificio Albatros V local 11\/12 29660 Marbella \u2013 M\u00e1laga. E-mail: <a href=\"mailto:rgpd@desarrollo.olin.es\">rgpd@desarrollo.olin.es<\/a><\/p>\n<p>Datos de contacto del delegado de protecci\u00f3n de datos: Av. Andaluc\u00eda, 52C, local 6, 29680 ESTEPONA \u2013 <a href=\"mailto:olingroup@lexdatos.com\">olingroup@lexdatos.com<\/a><\/p>\n<p>Para continuar debe aceptar que ha le\u00eddo y est\u00e1 conforme con la cl\u00e1usula anterior.<\/p>\n","protected":false},"excerpt":{"rendered":"<p>Olivenet Network S.L.U. es el Responsable del tratamiento de los datos personales del Usuario y le informa de que estos datos se tratar\u00e1n de conformidad con lo dispuesto en el Reglamento (UE) 2016\/679, de 27 de abril (GDPR), y la Ley Org\u00e1nica 3\/2018, de 5 de diciembre (LOPDGDD), por lo que se le facilita la [&hellip;]<\/p>\n","protected":false},"author":8,"featured_media":0,"parent":0,"menu_order":143,"comment_status":"closed","ping_status":"open","template":"page-legal.php","meta":{"_acf_changed":false,"inline_featured_image":false,"footnotes":""},"class_list":["post-559","page","type-page","status-publish","hentry"],"acf":[],"yoast_head":"<!-- This site is optimized with the Yoast SEO plugin v27.3 - https:\/\/yoast.com\/product\/yoast-seo-wordpress\/ -->\n<title>Consentimiento para el tratamiento de datos personales - Olin<\/title>\n<meta name=\"robots\" content=\"noindex, follow\" \/>\n<meta property=\"og:locale\" content=\"es_ES\" \/>\n<meta property=\"og:type\" content=\"article\" \/>\n<meta property=\"og:title\" content=\"Consentimiento para el tratamiento de datos personales - Olin\" \/>\n<meta property=\"og:description\" content=\"Olivenet Network S.L.U. es el Responsable del tratamiento de los datos personales del Usuario y le informa de que estos datos se tratar\u00e1n de conformidad con lo dispuesto en el Reglamento (UE) 2016\/679, de 27 de abril (GDPR), y la Ley Org\u00e1nica 3\/2018, de 5 de diciembre (LOPDGDD), por lo que se le facilita la [&hellip;]\" \/>\n<meta property=\"og:url\" content=\"https:\/\/olin.es\/es\/consentimiento-para-el-tratamiento-de-datos-personales\/\" \/>\n<meta property=\"og:site_name\" content=\"Olin\" \/>\n<meta property=\"article:publisher\" content=\"https:\/\/www.facebook.com\/olintelecom\" \/>\n<meta property=\"article:modified_time\" content=\"2026-02-27T15:47:56+00:00\" \/>\n<meta name=\"twitter:card\" content=\"summary_large_image\" \/>\n<meta name=\"twitter:label1\" content=\"Tiempo de lectura\" \/>\n\t<meta name=\"twitter:data1\" content=\"2 minutos\" \/>\n<script type=\"application\/ld+json\" class=\"yoast-schema-graph\">{\"@context\":\"https:\\\/\\\/schema.org\",\"@graph\":[{\"@type\":\"WebPage\",\"@id\":\"https:\\\/\\\/olin.es\\\/es\\\/consentimiento-para-el-tratamiento-de-datos-personales\\\/\",\"url\":\"https:\\\/\\\/olin.es\\\/es\\\/consentimiento-para-el-tratamiento-de-datos-personales\\\/\",\"name\":\"Consentimiento para el tratamiento de datos personales - Olin\",\"isPartOf\":{\"@id\":\"https:\\\/\\\/olin.es\\\/es\\\/#website\"},\"datePublished\":\"2023-02-26T09:58:16+00:00\",\"dateModified\":\"2026-02-27T15:47:56+00:00\",\"breadcrumb\":{\"@id\":\"https:\\\/\\\/olin.es\\\/es\\\/consentimiento-para-el-tratamiento-de-datos-personales\\\/#breadcrumb\"},\"inLanguage\":\"es\",\"potentialAction\":[{\"@type\":\"ReadAction\",\"target\":[\"https:\\\/\\\/olin.es\\\/es\\\/consentimiento-para-el-tratamiento-de-datos-personales\\\/\"]}]},{\"@type\":\"BreadcrumbList\",\"@id\":\"https:\\\/\\\/olin.es\\\/es\\\/consentimiento-para-el-tratamiento-de-datos-personales\\\/#breadcrumb\",\"itemListElement\":[{\"@type\":\"ListItem\",\"position\":1,\"name\":\"Inicio\",\"item\":\"https:\\\/\\\/olin.es\\\/es\\\/\"},{\"@type\":\"ListItem\",\"position\":2,\"name\":\"Consentimiento para el tratamiento de datos personales\"}]},{\"@type\":\"WebSite\",\"@id\":\"https:\\\/\\\/olin.es\\\/es\\\/#website\",\"url\":\"https:\\\/\\\/olin.es\\\/es\\\/\",\"name\":\"Olin\",\"description\":\"\",\"publisher\":{\"@id\":\"https:\\\/\\\/olin.es\\\/es\\\/#organization\"},\"alternateName\":\"Olin Telecom\",\"potentialAction\":[{\"@type\":\"SearchAction\",\"target\":{\"@type\":\"EntryPoint\",\"urlTemplate\":\"https:\\\/\\\/olin.es\\\/es\\\/?s={search_term_string}\"},\"query-input\":{\"@type\":\"PropertyValueSpecification\",\"valueRequired\":true,\"valueName\":\"search_term_string\"}}],\"inLanguage\":\"es\"},{\"@type\":\"Organization\",\"@id\":\"https:\\\/\\\/olin.es\\\/es\\\/#organization\",\"name\":\"Olin\",\"alternateName\":\"Olin Telecom\",\"url\":\"https:\\\/\\\/olin.es\\\/es\\\/\",\"logo\":{\"@type\":\"ImageObject\",\"inLanguage\":\"es\",\"@id\":\"https:\\\/\\\/olin.es\\\/es\\\/#\\\/schema\\\/logo\\\/image\\\/\",\"url\":\"https:\\\/\\\/olin.es\\\/wp-content\\\/uploads\\\/2023\\\/06\\\/Captura-de-pantalla-2023-06-01-a-las-9.20.32.png\",\"contentUrl\":\"https:\\\/\\\/olin.es\\\/wp-content\\\/uploads\\\/2023\\\/06\\\/Captura-de-pantalla-2023-06-01-a-las-9.20.32.png\",\"width\":636,\"height\":636,\"caption\":\"Olin\"},\"image\":{\"@id\":\"https:\\\/\\\/olin.es\\\/es\\\/#\\\/schema\\\/logo\\\/image\\\/\"},\"sameAs\":[\"https:\\\/\\\/www.facebook.com\\\/olintelecom\",\"https:\\\/\\\/www.instagram.com\\\/olin.oficial\\\/\",\"https:\\\/\\\/www.linkedin.com\\\/company\\\/olin-telecom\\\/\"]}]}<\/script>\n<!-- \/ Yoast SEO plugin. -->","yoast_head_json":{"title":"Consentimiento para el tratamiento de datos personales - Olin","robots":{"index":"noindex","follow":"follow"},"og_locale":"es_ES","og_type":"article","og_title":"Consentimiento para el tratamiento de datos personales - Olin","og_description":"Olivenet Network S.L.U. es el Responsable del tratamiento de los datos personales del Usuario y le informa de que estos datos se tratar\u00e1n de conformidad con lo dispuesto en el Reglamento (UE) 2016\/679, de 27 de abril (GDPR), y la Ley Org\u00e1nica 3\/2018, de 5 de diciembre (LOPDGDD), por lo que se le facilita la [&hellip;]","og_url":"https:\/\/olin.es\/es\/consentimiento-para-el-tratamiento-de-datos-personales\/","og_site_name":"Olin","article_publisher":"https:\/\/www.facebook.com\/olintelecom","article_modified_time":"2026-02-27T15:47:56+00:00","twitter_card":"summary_large_image","twitter_misc":{"Tiempo de lectura":"2 minutos"},"schema":{"@context":"https:\/\/schema.org","@graph":[{"@type":"WebPage","@id":"https:\/\/olin.es\/es\/consentimiento-para-el-tratamiento-de-datos-personales\/","url":"https:\/\/olin.es\/es\/consentimiento-para-el-tratamiento-de-datos-personales\/","name":"Consentimiento para el tratamiento de datos personales - Olin","isPartOf":{"@id":"https:\/\/olin.es\/es\/#website"},"datePublished":"2023-02-26T09:58:16+00:00","dateModified":"2026-02-27T15:47:56+00:00","breadcrumb":{"@id":"https:\/\/olin.es\/es\/consentimiento-para-el-tratamiento-de-datos-personales\/#breadcrumb"},"inLanguage":"es","potentialAction":[{"@type":"ReadAction","target":["https:\/\/olin.es\/es\/consentimiento-para-el-tratamiento-de-datos-personales\/"]}]},{"@type":"BreadcrumbList","@id":"https:\/\/olin.es\/es\/consentimiento-para-el-tratamiento-de-datos-personales\/#breadcrumb","itemListElement":[{"@type":"ListItem","position":1,"name":"Inicio","item":"https:\/\/olin.es\/es\/"},{"@type":"ListItem","position":2,"name":"Consentimiento para el tratamiento de datos personales"}]},{"@type":"WebSite","@id":"https:\/\/olin.es\/es\/#website","url":"https:\/\/olin.es\/es\/","name":"Olin","description":"","publisher":{"@id":"https:\/\/olin.es\/es\/#organization"},"alternateName":"Olin Telecom","potentialAction":[{"@type":"SearchAction","target":{"@type":"EntryPoint","urlTemplate":"https:\/\/olin.es\/es\/?s={search_term_string}"},"query-input":{"@type":"PropertyValueSpecification","valueRequired":true,"valueName":"search_term_string"}}],"inLanguage":"es"},{"@type":"Organization","@id":"https:\/\/olin.es\/es\/#organization","name":"Olin","alternateName":"Olin Telecom","url":"https:\/\/olin.es\/es\/","logo":{"@type":"ImageObject","inLanguage":"es","@id":"https:\/\/olin.es\/es\/#\/schema\/logo\/image\/","url":"https:\/\/olin.es\/wp-content\/uploads\/2023\/06\/Captura-de-pantalla-2023-06-01-a-las-9.20.32.png","contentUrl":"https:\/\/olin.es\/wp-content\/uploads\/2023\/06\/Captura-de-pantalla-2023-06-01-a-las-9.20.32.png","width":636,"height":636,"caption":"Olin"},"image":{"@id":"https:\/\/olin.es\/es\/#\/schema\/logo\/image\/"},"sameAs":["https:\/\/www.facebook.com\/olintelecom","https:\/\/www.instagram.com\/olin.oficial\/","https:\/\/www.linkedin.com\/company\/olin-telecom\/"]}]}},"_links":{"self":[{"href":"https:\/\/olin.es\/es\/wp-json\/wp\/v2\/pages\/559","targetHints":{"allow":["GET"]}}],"collection":[{"href":"https:\/\/olin.es\/es\/wp-json\/wp\/v2\/pages"}],"about":[{"href":"https:\/\/olin.es\/es\/wp-json\/wp\/v2\/types\/page"}],"author":[{"embeddable":true,"href":"https:\/\/olin.es\/es\/wp-json\/wp\/v2\/users\/8"}],"replies":[{"embeddable":true,"href":"https:\/\/olin.es\/es\/wp-json\/wp\/v2\/comments?post=559"}],"version-history":[{"count":1,"href":"https:\/\/olin.es\/es\/wp-json\/wp\/v2\/pages\/559\/revisions"}],"predecessor-version":[{"id":216525,"href":"https:\/\/olin.es\/es\/wp-json\/wp\/v2\/pages\/559\/revisions\/216525"}],"wp:attachment":[{"href":"https:\/\/olin.es\/es\/wp-json\/wp\/v2\/media?parent=559"}],"curies":[{"name":"wp","href":"https:\/\/api.w.org\/{rel}","templated":true}]}}