{"id":552,"date":"2023-02-26T09:06:21","date_gmt":"2023-02-26T09:06:21","guid":{"rendered":"https:\/\/olin.es\/?page_id=552"},"modified":"2026-02-27T17:49:40","modified_gmt":"2026-02-27T15:49:40","slug":"politica-de-privacidad","status":"publish","type":"page","link":"https:\/\/olin.es\/es\/politica-de-privacidad\/","title":{"rendered":"Pol\u00edtica de privacidad"},"content":{"rendered":"<h2>1. Informaci\u00f3n al usuario<\/h2>\n<p class=\"p1\"><span class=\"s1\"><b>FINALIDADES DEL TRATAMIENTO<\/b><\/span>:<\/p>\n<p class=\"p1\">En cumplimiento del RGPD, le informamos de que sus datos personales, recabados a trav\u00e9s de la web, mediante formularios o enlaces al correo electr\u00f3nico, ser\u00e1n tratados con car\u00e1cter general para gestionar la relaci\u00f3n que mantenemos con usted, siendo las principales finalidades identificadas: gesti\u00f3n de clientes potenciales, contactos y acciones de comunicaci\u00f3n comercial, tramitar encargos, solicitudes o cualquier tipo de petici\u00f3n que sea realizada por el usuario a trav\u00e9s de cualquiera de las formas de contacto que se ponen a disposici\u00f3n del usuario en el sitio web de la compa\u00f1\u00eda, pudiendo ser alojados en los ficheros correspondientes.<\/p>\n<p class=\"p1\">Le informamos que sus datos ser\u00e1n conservados en los ficheros de nuestra empresa mientras se necesiten, con el fin de realizar un seguimiento comercial y mantenerle informado (sobre los servicios y productos que le puedan ser de su inter\u00e9s, o gestionar el contacto o la consulta) por correo postal, telef\u00f3nicamente o mediante otro cualquier medio electr\u00f3nico que nos haya usted facilitado.<\/p>\n<p class=\"p1\"><span class=\"s1\"><b>CONSERVACI\u00d3N DE LOS DATOS:<\/b><\/span><\/p>\n<p class=\"p3\">Los datos personales proporcionados se conservar\u00e1n mientras se mantenga la relaci\u00f3n con la entidad, y no se solicite su supresi\u00f3n por parte del interesado. Ser\u00e1n conservados conforme a los plazos legales establecidos y en funci\u00f3n de la finalidad por la que fueron recabados.<\/p>\n<p class=\"p3\">En el supuesto de que el interesado est\u00e9 suscrito de forma voluntaria a alg\u00fan tipo de env\u00edo de comunicaciones comerciales, newsletter, publicidad, etc. los datos permanecer\u00e1n hasta que \u00e9ste, tramite su baja de este tipo de comunicaciones.<\/p>\n<p class=\"p1\"><span class=\"s1\"><b>LEGITIMACI\u00d3N<\/b><\/span>:<\/p>\n<p class=\"p1\">La legitimaci\u00f3n del tratamiento de sus datos es el consentimiento que presta enviando el formulario de contacto o la consulta.<\/p>\n<p class=\"p1\"><span class=\"s1\"><b>RESPONSABILIDAD DEL USUARIO:<\/b><\/span><\/p>\n<p class=\"p1\">Al facilitarnos sus datos a trav\u00e9s de canales electr\u00f3nicos, el usuario garantiza que es mayor de 14 a\u00f1os y que los datos facilitados a OLIVENET NETWORK, S.L.U. son verdaderos, exactos, completos y actualizados. A estos efectos, el usuario confirma que responde de la veracidad de los datos comunicados y que mantendr\u00e1 convenientemente actualizada dicha informaci\u00f3n de modo que responda a su situaci\u00f3n real, haci\u00e9ndose responsable de los datos falsos e inexactos que pudiera proporcionar, as\u00ed como de los da\u00f1os y perjuicios, directos o indirectos, que pudieran derivarse.<\/p>\n<p class=\"p1\"><span class=\"s1\"><b>COMUNICACIONES DE LOS DATOS:<\/b><\/span><\/p>\n<p class=\"p1\">En general, en OLIVENET NETWORK, S.L.U. no compartimos su informaci\u00f3n personal, salvo aquellas cesiones que debemos realizar en base a obligaciones legales impuestas.<\/p>\n<p class=\"p1\">En los supuestos que, para la realizaci\u00f3n de tratamientos de tipo administrativo, fiscal, contable y\/o comercial, se cuente con los servicios de terceros, se formalizar\u00e1 debidamente el preceptivo contrato de encargado de tratamiento, con la finalidad de garantizar la seguridad y confidencialidad de los datos del interesado frente a terceros.<\/p>\n<p class=\"p1\"><span class=\"s1\"><b>TRANSFERENCIAS INTERNACIONALES DE DATOS:<\/b><\/span><\/p>\n<p class=\"p1\">No existen transferencias internacionales de sus datos a pa\u00edses fuera del Espacio Econ\u00f3mico Europeo (EEE).<\/p>\n<p class=\"p1\"><span class=\"s1\"><b>DERECHOS DE LOS INTERESADOS:<\/b><\/span><\/p>\n<p class=\"p1\">Cualquier persona tiene derecho a obtener confirmaci\u00f3n sobre si tratamos sus datos, por lo tanto tiene derecho a poder ejercitar los derechos, que como titular de sus datos personales le contempla la Ley, a acceder a sus datos personales, rectificar los datos inexactos, solicitar su supresi\u00f3n o solicitar la portabilidad de datos y oposici\u00f3n y limitaci\u00f3n del tratamiento, dirigi\u00e9ndose por escrito y acreditando debidamente su persona mediante fotocopia del D.N.I., a OLIVENET NETWORK, S.L.U. indicando en el sobre la referencia: \u00abProtecci\u00f3n de Datos\u00bb, en la siguiente direcci\u00f3n: Avda. Miguel de Cervantes s\/n \u2013 Edif. Albatros V local 11-12, 29660 Marbella \u2013 M\u00e1laga;<span class=\"Apple-converted-space\">\u00a0 <\/span>o mediante correo electr\u00f3nico, dirigi\u00e9ndose a rgpd@desarrollo.olin.es<\/p>\n<p class=\"p1\">Asimismo, y especialmente si considera que no ha obtenido satisfacci\u00f3n plena en el ejercicio de sus derechos, podr\u00e1 presentar una reclamaci\u00f3n ante la autoridad nacional de control dirigi\u00e9ndose a estos efectos a la Agencia Espa\u00f1ola de Protecci\u00f3n de Datos, C\/ Jorge Juan, 6 \u2013 28001 Madrid.<\/p>\n<h2>2. Car\u00e1cter obligatorio o facultativo de la informaci\u00f3n facilitada por el usuario<\/h2>\n<p>Los USUARIOS, mediante la marcaci\u00f3n de las casillas correspondientes y la entrada de datos en los campos, marcados con un asterisco (*) en el formulario de contacto o presentados en formularios de descarga, aceptan expresamente y de forma libre e inequ\u00edvoca, que sus datos son necesarios para atender su petici\u00f3n, por parte del prestador, siendo voluntaria la inclusi\u00f3n de datos en los campos restantes. El USUARIO garantiza que los datos personales facilitados al RESPONSABLE son veraces y se hace responsable de comunicar cualquier modificaci\u00f3n de los mismos.<\/p>\n<p>El RESPONSABLE informa de que todos los datos solicitados a trav\u00e9s del sitio web son obligatorios, ya que son necesarios para la prestaci\u00f3n de un servicio \u00f3ptimo al USUARIO. En caso de que no se faciliten todos los datos, no se garantiza que la informaci\u00f3n y servicios facilitados sean completamente ajustados a sus necesidades.<\/p>\n<h2>3. Medidas de seguridad<\/h2>\n<p>Que de conformidad con lo dispuesto en las normativas vigentes en protecci\u00f3n de datos personales, el RESPONSABLE est\u00e1 cumpliendo con todas las disposiciones de las normativas GDPR y LOPDGDD para el tratamiento de los datos personales de su responsabilidad, y manifiestamente con los principios descritos en el art\u00edculo 5 del GDPR, por los cuales son tratados de manera l\u00edcita, leal y transparente en relaci\u00f3n con el interesado y adecuados, pertinentes y limitados a lo necesario en relaci\u00f3n con los fines para los que son tratados.<\/p>\n<p>El RESPONSABLE garantiza que ha implementado pol\u00edticas t\u00e9cnicas y organizativas apropiadas para aplicar las medidas de seguridad que establecen el GDPR y la LOPDGDD con el fin de proteger los derechos y libertades de los USUARIOS y les ha comunicado la informaci\u00f3n adecuada para que puedan ejercerlos.<\/p>\n<p>Para m\u00e1s informaci\u00f3n sobre las garant\u00edas de privacidad, puedes dirigirte al RESPONSABLE a trav\u00e9s de Olivenet Network S.L.U.. Avenida Miguel de Cervantes S\/N &#8211; edificio Albatros V local 11\/12 29660 Marbella \u2013 M\u00e1laga. E-mail: <a href=\"mailto:rgpd@desarrollo.olin.es\">rgpd@desarrollo.olin.es<\/a> Datos de contacto del delegado de protecci\u00f3n de datos: Av. Andaluc\u00eda, 52C, local 6, 29680 ESTEPONA \u2013 <a class=\"notion-link-token notion-focusable-token notion-enable-hover\" tabindex=\"0\" href=\"mailto:rgpd@desarrollo.olin.es\" rel=\"noopener noreferrer\" data-token-index=\"0\"><span class=\"link-annotation-unknown-block-id--1028713461\">rgpd@desarrollo.olin.es<\/span><\/a><!-- notionvc: 6120b784-7193-4484-bd6a-4a98b57c0f81 --><\/p>\n","protected":false},"excerpt":{"rendered":"<p>1. Informaci\u00f3n al usuario FINALIDADES DEL TRATAMIENTO: En cumplimiento del RGPD, le informamos de que sus datos personales, recabados a trav\u00e9s de la web, mediante formularios o enlaces al correo electr\u00f3nico, ser\u00e1n tratados con car\u00e1cter general para gestionar la relaci\u00f3n que mantenemos con usted, siendo las principales finalidades identificadas: gesti\u00f3n de clientes potenciales, contactos y [&hellip;]<\/p>\n","protected":false},"author":8,"featured_media":0,"parent":0,"menu_order":153,"comment_status":"closed","ping_status":"open","template":"page-legal.php","meta":{"_acf_changed":false,"inline_featured_image":false,"footnotes":""},"class_list":["post-552","page","type-page","status-publish","hentry"],"acf":[],"yoast_head":"<!-- This site is optimized with the Yoast SEO plugin v27.4 - https:\/\/yoast.com\/product\/yoast-seo-wordpress\/ -->\n<title>Pol\u00edtica de privacidad - Olin<\/title>\n<meta name=\"robots\" content=\"noindex, follow\" \/>\n<meta property=\"og:locale\" content=\"es_ES\" \/>\n<meta property=\"og:type\" content=\"article\" \/>\n<meta property=\"og:title\" content=\"Pol\u00edtica de privacidad - Olin\" \/>\n<meta property=\"og:description\" content=\"1. Informaci\u00f3n al usuario FINALIDADES DEL TRATAMIENTO: En cumplimiento del RGPD, le informamos de que sus datos personales, recabados a trav\u00e9s de la web, mediante formularios o enlaces al correo electr\u00f3nico, ser\u00e1n tratados con car\u00e1cter general para gestionar la relaci\u00f3n que mantenemos con usted, siendo las principales finalidades identificadas: gesti\u00f3n de clientes potenciales, contactos y [&hellip;]\" \/>\n<meta property=\"og:url\" content=\"https:\/\/olin.es\/es\/politica-de-privacidad\/\" \/>\n<meta property=\"og:site_name\" content=\"Olin\" \/>\n<meta property=\"article:publisher\" content=\"https:\/\/www.facebook.com\/olintelecom\" \/>\n<meta property=\"article:modified_time\" content=\"2026-02-27T15:49:40+00:00\" \/>\n<meta property=\"og:image\" content=\"https:\/\/olin.es\/wp-content\/uploads\/2026\/04\/Banner-home-1.webp\" \/>\n\t<meta property=\"og:image:width\" content=\"1923\" \/>\n\t<meta property=\"og:image:height\" content=\"525\" \/>\n\t<meta property=\"og:image:type\" content=\"image\/webp\" \/>\n<meta name=\"twitter:card\" content=\"summary_large_image\" \/>\n<meta name=\"twitter:label1\" content=\"Tiempo de lectura\" \/>\n\t<meta name=\"twitter:data1\" content=\"5 minutos\" \/>\n<script type=\"application\/ld+json\" class=\"yoast-schema-graph\">{\"@context\":\"https:\\\/\\\/schema.org\",\"@graph\":[{\"@type\":\"WebPage\",\"@id\":\"https:\\\/\\\/olin.es\\\/es\\\/politica-de-privacidad\\\/\",\"url\":\"https:\\\/\\\/olin.es\\\/es\\\/politica-de-privacidad\\\/\",\"name\":\"Pol\u00edtica de privacidad - Olin\",\"isPartOf\":{\"@id\":\"https:\\\/\\\/olin.es\\\/es\\\/#website\"},\"datePublished\":\"2023-02-26T09:06:21+00:00\",\"dateModified\":\"2026-02-27T15:49:40+00:00\",\"breadcrumb\":{\"@id\":\"https:\\\/\\\/olin.es\\\/es\\\/politica-de-privacidad\\\/#breadcrumb\"},\"inLanguage\":\"es\",\"potentialAction\":[{\"@type\":\"ReadAction\",\"target\":[\"https:\\\/\\\/olin.es\\\/es\\\/politica-de-privacidad\\\/\"]}]},{\"@type\":\"BreadcrumbList\",\"@id\":\"https:\\\/\\\/olin.es\\\/es\\\/politica-de-privacidad\\\/#breadcrumb\",\"itemListElement\":[{\"@type\":\"ListItem\",\"position\":1,\"name\":\"Inicio\",\"item\":\"https:\\\/\\\/olin.es\\\/es\\\/\"},{\"@type\":\"ListItem\",\"position\":2,\"name\":\"Pol\u00edtica de privacidad\"}]},{\"@type\":\"WebSite\",\"@id\":\"https:\\\/\\\/olin.es\\\/es\\\/#website\",\"url\":\"https:\\\/\\\/olin.es\\\/es\\\/\",\"name\":\"Olin\",\"description\":\"\",\"publisher\":{\"@id\":\"https:\\\/\\\/olin.es\\\/es\\\/#organization\"},\"alternateName\":\"Olin Telecom\",\"potentialAction\":[{\"@type\":\"SearchAction\",\"target\":{\"@type\":\"EntryPoint\",\"urlTemplate\":\"https:\\\/\\\/olin.es\\\/es\\\/?s={search_term_string}\"},\"query-input\":{\"@type\":\"PropertyValueSpecification\",\"valueRequired\":true,\"valueName\":\"search_term_string\"}}],\"inLanguage\":\"es\"},{\"@type\":\"Organization\",\"@id\":\"https:\\\/\\\/olin.es\\\/es\\\/#organization\",\"name\":\"Olin\",\"alternateName\":\"Olin Telecom\",\"url\":\"https:\\\/\\\/olin.es\\\/es\\\/\",\"logo\":{\"@type\":\"ImageObject\",\"inLanguage\":\"es\",\"@id\":\"https:\\\/\\\/olin.es\\\/es\\\/#\\\/schema\\\/logo\\\/image\\\/\",\"url\":\"https:\\\/\\\/olin.es\\\/wp-content\\\/uploads\\\/2025\\\/01\\\/logo-olin-1.svg\",\"contentUrl\":\"https:\\\/\\\/olin.es\\\/wp-content\\\/uploads\\\/2025\\\/01\\\/logo-olin-1.svg\",\"width\":1,\"height\":1,\"caption\":\"Olin\"},\"image\":{\"@id\":\"https:\\\/\\\/olin.es\\\/es\\\/#\\\/schema\\\/logo\\\/image\\\/\"},\"sameAs\":[\"https:\\\/\\\/www.facebook.com\\\/olintelecom\",\"https:\\\/\\\/www.instagram.com\\\/olin.oficial\\\/\",\"https:\\\/\\\/www.linkedin.com\\\/company\\\/olin-telecom\\\/\"]}]}<\/script>\n<!-- \/ Yoast SEO plugin. -->","yoast_head_json":{"title":"Pol\u00edtica de privacidad - Olin","robots":{"index":"noindex","follow":"follow"},"og_locale":"es_ES","og_type":"article","og_title":"Pol\u00edtica de privacidad - Olin","og_description":"1. Informaci\u00f3n al usuario FINALIDADES DEL TRATAMIENTO: En cumplimiento del RGPD, le informamos de que sus datos personales, recabados a trav\u00e9s de la web, mediante formularios o enlaces al correo electr\u00f3nico, ser\u00e1n tratados con car\u00e1cter general para gestionar la relaci\u00f3n que mantenemos con usted, siendo las principales finalidades identificadas: gesti\u00f3n de clientes potenciales, contactos y [&hellip;]","og_url":"https:\/\/olin.es\/es\/politica-de-privacidad\/","og_site_name":"Olin","article_publisher":"https:\/\/www.facebook.com\/olintelecom","article_modified_time":"2026-02-27T15:49:40+00:00","og_image":[{"width":1923,"height":525,"url":"https:\/\/olin.es\/wp-content\/uploads\/2026\/04\/Banner-home-1.webp","type":"image\/webp"}],"twitter_card":"summary_large_image","twitter_misc":{"Tiempo de lectura":"5 minutos"},"schema":{"@context":"https:\/\/schema.org","@graph":[{"@type":"WebPage","@id":"https:\/\/olin.es\/es\/politica-de-privacidad\/","url":"https:\/\/olin.es\/es\/politica-de-privacidad\/","name":"Pol\u00edtica de privacidad - Olin","isPartOf":{"@id":"https:\/\/olin.es\/es\/#website"},"datePublished":"2023-02-26T09:06:21+00:00","dateModified":"2026-02-27T15:49:40+00:00","breadcrumb":{"@id":"https:\/\/olin.es\/es\/politica-de-privacidad\/#breadcrumb"},"inLanguage":"es","potentialAction":[{"@type":"ReadAction","target":["https:\/\/olin.es\/es\/politica-de-privacidad\/"]}]},{"@type":"BreadcrumbList","@id":"https:\/\/olin.es\/es\/politica-de-privacidad\/#breadcrumb","itemListElement":[{"@type":"ListItem","position":1,"name":"Inicio","item":"https:\/\/olin.es\/es\/"},{"@type":"ListItem","position":2,"name":"Pol\u00edtica de privacidad"}]},{"@type":"WebSite","@id":"https:\/\/olin.es\/es\/#website","url":"https:\/\/olin.es\/es\/","name":"Olin","description":"","publisher":{"@id":"https:\/\/olin.es\/es\/#organization"},"alternateName":"Olin Telecom","potentialAction":[{"@type":"SearchAction","target":{"@type":"EntryPoint","urlTemplate":"https:\/\/olin.es\/es\/?s={search_term_string}"},"query-input":{"@type":"PropertyValueSpecification","valueRequired":true,"valueName":"search_term_string"}}],"inLanguage":"es"},{"@type":"Organization","@id":"https:\/\/olin.es\/es\/#organization","name":"Olin","alternateName":"Olin Telecom","url":"https:\/\/olin.es\/es\/","logo":{"@type":"ImageObject","inLanguage":"es","@id":"https:\/\/olin.es\/es\/#\/schema\/logo\/image\/","url":"https:\/\/olin.es\/wp-content\/uploads\/2025\/01\/logo-olin-1.svg","contentUrl":"https:\/\/olin.es\/wp-content\/uploads\/2025\/01\/logo-olin-1.svg","width":1,"height":1,"caption":"Olin"},"image":{"@id":"https:\/\/olin.es\/es\/#\/schema\/logo\/image\/"},"sameAs":["https:\/\/www.facebook.com\/olintelecom","https:\/\/www.instagram.com\/olin.oficial\/","https:\/\/www.linkedin.com\/company\/olin-telecom\/"]}]}},"_links":{"self":[{"href":"https:\/\/olin.es\/es\/wp-json\/wp\/v2\/pages\/552","targetHints":{"allow":["GET"]}}],"collection":[{"href":"https:\/\/olin.es\/es\/wp-json\/wp\/v2\/pages"}],"about":[{"href":"https:\/\/olin.es\/es\/wp-json\/wp\/v2\/types\/page"}],"author":[{"embeddable":true,"href":"https:\/\/olin.es\/es\/wp-json\/wp\/v2\/users\/8"}],"replies":[{"embeddable":true,"href":"https:\/\/olin.es\/es\/wp-json\/wp\/v2\/comments?post=552"}],"version-history":[{"count":1,"href":"https:\/\/olin.es\/es\/wp-json\/wp\/v2\/pages\/552\/revisions"}],"predecessor-version":[{"id":216526,"href":"https:\/\/olin.es\/es\/wp-json\/wp\/v2\/pages\/552\/revisions\/216526"}],"wp:attachment":[{"href":"https:\/\/olin.es\/es\/wp-json\/wp\/v2\/media?parent=552"}],"curies":[{"name":"wp","href":"https:\/\/api.w.org\/{rel}","templated":true}]}}