{"id":21814,"date":"2023-10-16T10:45:47","date_gmt":"2023-10-16T08:45:47","guid":{"rendered":"https:\/\/olin.es\/?page_id=21814"},"modified":"2026-04-23T16:08:21","modified_gmt":"2026-04-23T14:08:21","slug":"condiciones-de-contratacion-y-promocion","status":"publish","type":"page","link":"https:\/\/olin.es\/es\/condiciones-de-contratacion-y-promocion\/","title":{"rendered":"Condiciones de contrataci\u00f3n y promoci\u00f3n"},"content":{"rendered":"<h2>Condiciones generales de contrataci\u00f3n de los servicios<\/h2>\n<p><a href=\"https:\/\/olin.es\/wp-content\/uploads\/2025\/04\/CONDICIONESGENERALESCONTRATACIONFibraOptica03251744101381.pdf\" target=\"_blank\" rel=\"noopener\">Condiciones generales de contrataci\u00f3n de Fibra<\/a><br \/>\n<a href=\"https:\/\/olin.es\/wp-content\/uploads\/2025\/03\/CONDICIONES-GENERALES-CONTRATACION-Telefonia-movil_03_25-1.pdf\" target=\"_blank\" rel=\"noopener\">Condiciones generales de contrataci\u00f3n de M\u00f3vil<\/a><br \/>\n<a href=\"https:\/\/olin.es\/wp-content\/uploads\/2025\/04\/CONDICIONESGENERALESCONTRATACIONTelefoniaFija03251744101381.pdf\" target=\"_blank\" rel=\"noopener\">Condiciones generales de contrataci\u00f3n de Fijo<\/a><br \/>\n<a href=\"https:\/\/olin.es\/wp-content\/uploads\/2025\/03\/CONDICIONES-GENERALES-CONTRATACION-OLIN-TV_03_25-1.pdf\" target=\"_blank\" rel=\"noopener\">Condiciones generales de contrataci\u00f3n de OlinTV<\/a><br \/>\n<a href=\"https:\/\/olin.es\/wp-content\/uploads\/2025\/09\/CONDICIONESPARTICULARESPACKOCIO03251756461368.pdf\" target=\"_blank\" rel=\"noopener\">Condiciones generales de contrataci\u00f3n de Pack Ocio OlinTV<\/a><br \/>\n<a href=\"https:\/\/olin.es\/wp-content\/uploads\/2025\/02\/tarifas_roaming_internacionales.pdf\" target=\"_blank\" rel=\"noopener\">Condiciones generales de tarifas roaming e internacionales<\/a><br \/>\n<a href=\"https:\/\/olin.es\/wp-content\/uploads\/2025\/03\/CONDICIONES-PARTICULARES-DEL-SERVICIO-WIFI-COBERTURA_03_25.pdf\" target=\"_blank\" rel=\"noopener\">Condiciones generales de contrataci\u00f3n de WiFi Cobertura+<\/a><br \/>\n<a href=\"https:\/\/olin.es\/wp-content\/uploads\/2026\/04\/Condiciones-del-Servicio-de-Centralita-Virtual-2026.pdf\" target=\"_blank\" rel=\"noopener\">Condiciones generales de Centralita Virtual<\/a><\/p>\n<h2>Condiciones generales servicios y promoci\u00f3n<\/h2>\n<p><a href=\"https:\/\/olin.es\/wp-content\/uploads\/2026\/04\/CondicionesComercialesPackOcio20251111771866721-JUNIO.pdf\" target=\"_blank\" rel=\"noopener\">Promoci\u00f3n Pack Ocio &#8211; 2 meses gratis<\/a><br \/>\n<a href=\"https:\/\/olin.es\/wp-content\/uploads\/2024\/12\/Condiciones-Plan-Amigo_25-1.pdf\" target=\"_blank\" rel=\"noopener\">Promoci\u00f3n Plan Amigo<\/a><br \/>\n<a href=\"https:\/\/olin.es\/wp-content\/uploads\/2025\/11\/CondicionesPromoTV2521762263024.pdf\" target=\"_blank\" rel=\"noopener\">Promoci\u00f3n OlinTV<\/a><br \/>\n<a href=\"https:\/\/olin.es\/wp-content\/uploads\/2026\/02\/Bases-Promocion-UAX-Olin.pdf\" target=\"_blank\" rel=\"noopener\">Promoci\u00f3n UAX<\/a><br \/>\n<a href=\"https:\/\/olin.es\/wp-content\/uploads\/2026\/02\/Condiciones-oferta-exclusiva-La-Academia-Malaga-CF.pdf\" target=\"_blank\" rel=\"noopener\">Promoci\u00f3n Academia del M\u00e1lagaCF<\/a><br \/>\n<a href=\"https:\/\/olin.es\/wp-content\/uploads\/2025\/03\/Bases-Promocion-JJE-Olin-1.pdf\" target=\"_blank\" rel=\"noopener\">Promoci\u00f3n Estudiantes &#8211; Jornadas Emprendedores<\/a><br \/>\n<a href=\"https:\/\/olin.es\/wp-content\/uploads\/2025\/12\/Bases-Sorteo-Viaje-La-Academia.pdf\" target=\"_blank\" rel=\"noopener\">Sorteo &#8211; Academia M\u00e1lagaCF<\/a><br \/>\n<a class=\"is-huelva\" href=\"https:\/\/olin.es\/wp-content\/uploads\/2026\/03\/Bases-Huelva_MAR26.pdf\" target=\"_blank\" rel=\"noopener\">Oferta Exclusiva Huelva<\/a><br \/>\n<a class=\"is-huelva\" href=\"https:\/\/olin.es\/wp-content\/uploads\/2026\/04\/Bases_Sorteo_Huelva_1.pdf\" target=\"_blank\" rel=\"noopener\">Bases Sorteo Huelva<\/a><br \/>\n<a href=\"https:\/\/olin.es\/wp-content\/uploads\/2026\/03\/Condiciones-generales-promocion-Sacaba-Summer-Games-Malaga-2026.pdf\" target=\"_blank\" rel=\"noopener\">Promoci\u00f3n &#8211; Sacaba Summer Games Ma\u0301laga 2026<\/a><br \/>\n<a href=\"https:\/\/olin.es\/wp-content\/uploads\/2026\/04\/Bases-Sorteo-Tiro-Lejano-de-Olin.pdf\" target=\"_blank\" rel=\"noopener\">Sorteo &#8211; Tiro Lejano Recreativo de Huelva<\/a><\/p>\n","protected":false},"excerpt":{"rendered":"<p>Condiciones generales de contrataci\u00f3n de los servicios Condiciones generales de contrataci\u00f3n de Fibra Condiciones generales de contrataci\u00f3n de M\u00f3vil Condiciones generales de contrataci\u00f3n de Fijo Condiciones generales de contrataci\u00f3n de OlinTV Condiciones generales de contrataci\u00f3n de Pack Ocio OlinTV Condiciones generales de tarifas roaming e internacionales Condiciones generales de contrataci\u00f3n de WiFi Cobertura+ Condiciones generales [&hellip;]<\/p>\n","protected":false},"author":8,"featured_media":0,"parent":0,"menu_order":137,"comment_status":"closed","ping_status":"open","template":"page-legal.php","meta":{"_acf_changed":false,"inline_featured_image":false,"footnotes":""},"class_list":["post-21814","page","type-page","status-publish","hentry"],"acf":[],"yoast_head":"<!-- This site is optimized with the Yoast SEO plugin v27.4 - https:\/\/yoast.com\/product\/yoast-seo-wordpress\/ -->\n<title>Condiciones de contrataci\u00f3n y promoci\u00f3n - Olin<\/title>\n<meta name=\"robots\" content=\"noindex, follow\" \/>\n<meta property=\"og:locale\" content=\"es_ES\" \/>\n<meta property=\"og:type\" content=\"article\" \/>\n<meta property=\"og:title\" content=\"Condiciones de contrataci\u00f3n y promoci\u00f3n - Olin\" \/>\n<meta property=\"og:description\" content=\"Condiciones generales de contrataci\u00f3n de los servicios Condiciones generales de contrataci\u00f3n de Fibra Condiciones generales de contrataci\u00f3n de M\u00f3vil Condiciones generales de contrataci\u00f3n de Fijo Condiciones generales de contrataci\u00f3n de OlinTV Condiciones generales de contrataci\u00f3n de Pack Ocio OlinTV Condiciones generales de tarifas roaming e internacionales Condiciones generales de contrataci\u00f3n de WiFi Cobertura+ Condiciones generales [&hellip;]\" \/>\n<meta property=\"og:url\" content=\"https:\/\/olin.es\/es\/condiciones-de-contratacion-y-promocion\/\" \/>\n<meta property=\"og:site_name\" content=\"Olin\" \/>\n<meta property=\"article:publisher\" content=\"https:\/\/www.facebook.com\/olintelecom\" \/>\n<meta property=\"article:modified_time\" content=\"2026-04-23T14:08:21+00:00\" \/>\n<meta property=\"og:image\" content=\"https:\/\/olin.es\/wp-content\/uploads\/2026\/04\/Banner-home-1.webp\" \/>\n\t<meta property=\"og:image:width\" content=\"1923\" \/>\n\t<meta property=\"og:image:height\" content=\"525\" \/>\n\t<meta property=\"og:image:type\" content=\"image\/webp\" \/>\n<meta name=\"twitter:card\" content=\"summary_large_image\" \/>\n<meta name=\"twitter:label1\" content=\"Tiempo de lectura\" \/>\n\t<meta name=\"twitter:data1\" content=\"1 minuto\" \/>\n<script type=\"application\/ld+json\" class=\"yoast-schema-graph\">{\"@context\":\"https:\\\/\\\/schema.org\",\"@graph\":[{\"@type\":\"WebPage\",\"@id\":\"https:\\\/\\\/olin.es\\\/es\\\/condiciones-de-contratacion-y-promocion\\\/\",\"url\":\"https:\\\/\\\/olin.es\\\/es\\\/condiciones-de-contratacion-y-promocion\\\/\",\"name\":\"Condiciones de contrataci\u00f3n y promoci\u00f3n - Olin\",\"isPartOf\":{\"@id\":\"https:\\\/\\\/olin.es\\\/es\\\/#website\"},\"datePublished\":\"2023-10-16T08:45:47+00:00\",\"dateModified\":\"2026-04-23T14:08:21+00:00\",\"breadcrumb\":{\"@id\":\"https:\\\/\\\/olin.es\\\/es\\\/condiciones-de-contratacion-y-promocion\\\/#breadcrumb\"},\"inLanguage\":\"es\",\"potentialAction\":[{\"@type\":\"ReadAction\",\"target\":[\"https:\\\/\\\/olin.es\\\/es\\\/condiciones-de-contratacion-y-promocion\\\/\"]}]},{\"@type\":\"BreadcrumbList\",\"@id\":\"https:\\\/\\\/olin.es\\\/es\\\/condiciones-de-contratacion-y-promocion\\\/#breadcrumb\",\"itemListElement\":[{\"@type\":\"ListItem\",\"position\":1,\"name\":\"Inicio\",\"item\":\"https:\\\/\\\/olin.es\\\/es\\\/\"},{\"@type\":\"ListItem\",\"position\":2,\"name\":\"Condiciones de contrataci\u00f3n y promoci\u00f3n\"}]},{\"@type\":\"WebSite\",\"@id\":\"https:\\\/\\\/olin.es\\\/es\\\/#website\",\"url\":\"https:\\\/\\\/olin.es\\\/es\\\/\",\"name\":\"Olin\",\"description\":\"\",\"publisher\":{\"@id\":\"https:\\\/\\\/olin.es\\\/es\\\/#organization\"},\"alternateName\":\"Olin Telecom\",\"potentialAction\":[{\"@type\":\"SearchAction\",\"target\":{\"@type\":\"EntryPoint\",\"urlTemplate\":\"https:\\\/\\\/olin.es\\\/es\\\/?s={search_term_string}\"},\"query-input\":{\"@type\":\"PropertyValueSpecification\",\"valueRequired\":true,\"valueName\":\"search_term_string\"}}],\"inLanguage\":\"es\"},{\"@type\":\"Organization\",\"@id\":\"https:\\\/\\\/olin.es\\\/es\\\/#organization\",\"name\":\"Olin\",\"alternateName\":\"Olin Telecom\",\"url\":\"https:\\\/\\\/olin.es\\\/es\\\/\",\"logo\":{\"@type\":\"ImageObject\",\"inLanguage\":\"es\",\"@id\":\"https:\\\/\\\/olin.es\\\/es\\\/#\\\/schema\\\/logo\\\/image\\\/\",\"url\":\"https:\\\/\\\/olin.es\\\/wp-content\\\/uploads\\\/2025\\\/01\\\/logo-olin-1.svg\",\"contentUrl\":\"https:\\\/\\\/olin.es\\\/wp-content\\\/uploads\\\/2025\\\/01\\\/logo-olin-1.svg\",\"width\":1,\"height\":1,\"caption\":\"Olin\"},\"image\":{\"@id\":\"https:\\\/\\\/olin.es\\\/es\\\/#\\\/schema\\\/logo\\\/image\\\/\"},\"sameAs\":[\"https:\\\/\\\/www.facebook.com\\\/olintelecom\",\"https:\\\/\\\/www.instagram.com\\\/olin.oficial\\\/\",\"https:\\\/\\\/www.linkedin.com\\\/company\\\/olin-telecom\\\/\"]}]}<\/script>\n<!-- \/ Yoast SEO plugin. -->","yoast_head_json":{"title":"Condiciones de contrataci\u00f3n y promoci\u00f3n - Olin","robots":{"index":"noindex","follow":"follow"},"og_locale":"es_ES","og_type":"article","og_title":"Condiciones de contrataci\u00f3n y promoci\u00f3n - Olin","og_description":"Condiciones generales de contrataci\u00f3n de los servicios Condiciones generales de contrataci\u00f3n de Fibra Condiciones generales de contrataci\u00f3n de M\u00f3vil Condiciones generales de contrataci\u00f3n de Fijo Condiciones generales de contrataci\u00f3n de OlinTV Condiciones generales de contrataci\u00f3n de Pack Ocio OlinTV Condiciones generales de tarifas roaming e internacionales Condiciones generales de contrataci\u00f3n de WiFi Cobertura+ Condiciones generales [&hellip;]","og_url":"https:\/\/olin.es\/es\/condiciones-de-contratacion-y-promocion\/","og_site_name":"Olin","article_publisher":"https:\/\/www.facebook.com\/olintelecom","article_modified_time":"2026-04-23T14:08:21+00:00","og_image":[{"width":1923,"height":525,"url":"https:\/\/olin.es\/wp-content\/uploads\/2026\/04\/Banner-home-1.webp","type":"image\/webp"}],"twitter_card":"summary_large_image","twitter_misc":{"Tiempo de lectura":"1 minuto"},"schema":{"@context":"https:\/\/schema.org","@graph":[{"@type":"WebPage","@id":"https:\/\/olin.es\/es\/condiciones-de-contratacion-y-promocion\/","url":"https:\/\/olin.es\/es\/condiciones-de-contratacion-y-promocion\/","name":"Condiciones de contrataci\u00f3n y promoci\u00f3n - Olin","isPartOf":{"@id":"https:\/\/olin.es\/es\/#website"},"datePublished":"2023-10-16T08:45:47+00:00","dateModified":"2026-04-23T14:08:21+00:00","breadcrumb":{"@id":"https:\/\/olin.es\/es\/condiciones-de-contratacion-y-promocion\/#breadcrumb"},"inLanguage":"es","potentialAction":[{"@type":"ReadAction","target":["https:\/\/olin.es\/es\/condiciones-de-contratacion-y-promocion\/"]}]},{"@type":"BreadcrumbList","@id":"https:\/\/olin.es\/es\/condiciones-de-contratacion-y-promocion\/#breadcrumb","itemListElement":[{"@type":"ListItem","position":1,"name":"Inicio","item":"https:\/\/olin.es\/es\/"},{"@type":"ListItem","position":2,"name":"Condiciones de contrataci\u00f3n y promoci\u00f3n"}]},{"@type":"WebSite","@id":"https:\/\/olin.es\/es\/#website","url":"https:\/\/olin.es\/es\/","name":"Olin","description":"","publisher":{"@id":"https:\/\/olin.es\/es\/#organization"},"alternateName":"Olin Telecom","potentialAction":[{"@type":"SearchAction","target":{"@type":"EntryPoint","urlTemplate":"https:\/\/olin.es\/es\/?s={search_term_string}"},"query-input":{"@type":"PropertyValueSpecification","valueRequired":true,"valueName":"search_term_string"}}],"inLanguage":"es"},{"@type":"Organization","@id":"https:\/\/olin.es\/es\/#organization","name":"Olin","alternateName":"Olin Telecom","url":"https:\/\/olin.es\/es\/","logo":{"@type":"ImageObject","inLanguage":"es","@id":"https:\/\/olin.es\/es\/#\/schema\/logo\/image\/","url":"https:\/\/olin.es\/wp-content\/uploads\/2025\/01\/logo-olin-1.svg","contentUrl":"https:\/\/olin.es\/wp-content\/uploads\/2025\/01\/logo-olin-1.svg","width":1,"height":1,"caption":"Olin"},"image":{"@id":"https:\/\/olin.es\/es\/#\/schema\/logo\/image\/"},"sameAs":["https:\/\/www.facebook.com\/olintelecom","https:\/\/www.instagram.com\/olin.oficial\/","https:\/\/www.linkedin.com\/company\/olin-telecom\/"]}]}},"_links":{"self":[{"href":"https:\/\/olin.es\/es\/wp-json\/wp\/v2\/pages\/21814","targetHints":{"allow":["GET"]}}],"collection":[{"href":"https:\/\/olin.es\/es\/wp-json\/wp\/v2\/pages"}],"about":[{"href":"https:\/\/olin.es\/es\/wp-json\/wp\/v2\/types\/page"}],"author":[{"embeddable":true,"href":"https:\/\/olin.es\/es\/wp-json\/wp\/v2\/users\/8"}],"replies":[{"embeddable":true,"href":"https:\/\/olin.es\/es\/wp-json\/wp\/v2\/comments?post=21814"}],"version-history":[{"count":53,"href":"https:\/\/olin.es\/es\/wp-json\/wp\/v2\/pages\/21814\/revisions"}],"predecessor-version":[{"id":224811,"href":"https:\/\/olin.es\/es\/wp-json\/wp\/v2\/pages\/21814\/revisions\/224811"}],"wp:attachment":[{"href":"https:\/\/olin.es\/es\/wp-json\/wp\/v2\/media?parent=21814"}],"curies":[{"name":"wp","href":"https:\/\/api.w.org\/{rel}","templated":true}]}}