{"id":173692,"date":"2025-04-30T10:50:00","date_gmt":"2025-04-30T08:50:00","guid":{"rendered":"https:\/\/olin.es\/?page_id=173692"},"modified":"2025-05-14T07:59:08","modified_gmt":"2025-05-14T05:59:08","slug":"telefonia-fija","status":"publish","type":"page","link":"https:\/\/olin.es\/es\/telefonia-fija\/","title":{"rendered":"Telefon\u00eda Fija"},"content":{"rendered":"","protected":false},"excerpt":{"rendered":"","protected":false},"author":8,"featured_media":0,"parent":0,"menu_order":16,"comment_status":"closed","ping_status":"closed","template":"page-transtarif.php","meta":{"_acf_changed":false,"inline_featured_image":false,"footnotes":""},"class_list":["post-173692","page","type-page","status-publish","hentry"],"acf":[],"yoast_head":"<!-- This site is optimized with the Yoast SEO plugin v27.4 - https:\/\/yoast.com\/product\/yoast-seo-wordpress\/ -->\n<title>Tarifas de tel\u00e9fono fijo baratas - Olin<\/title>\n<meta name=\"description\" content=\"Con las tarifas de tel\u00e9fono fijo de Olin disfrutar\u00e1s de tu tel\u00e9fono fijo all\u00e1 donde vayas al mejor precio. \u00a1El fijo de toda la vida con Olin!\" \/>\n<meta name=\"robots\" content=\"index, follow, max-snippet:-1, max-image-preview:large, max-video-preview:-1\" \/>\n<link rel=\"canonical\" href=\"https:\/\/olin.es\/es\/telefonia-fija\/\" \/>\n<meta property=\"og:locale\" content=\"es_ES\" \/>\n<meta property=\"og:type\" content=\"article\" \/>\n<meta property=\"og:title\" content=\"Tarifas de tel\u00e9fono fijo baratas - Olin\" \/>\n<meta property=\"og:description\" content=\"Con las tarifas de tel\u00e9fono fijo de Olin disfrutar\u00e1s de tu tel\u00e9fono fijo all\u00e1 donde vayas al mejor precio. \u00a1El fijo de toda la vida con Olin!\" \/>\n<meta property=\"og:url\" content=\"https:\/\/olin.es\/es\/telefonia-fija\/\" \/>\n<meta property=\"og:site_name\" content=\"Olin\" \/>\n<meta property=\"article:publisher\" content=\"https:\/\/www.facebook.com\/olintelecom\" \/>\n<meta property=\"article:modified_time\" content=\"2025-05-14T05:59:08+00:00\" \/>\n<meta property=\"og:image\" content=\"https:\/\/olin.es\/wp-content\/uploads\/2026\/04\/Banner-home-1.webp\" \/>\n\t<meta property=\"og:image:width\" content=\"1923\" \/>\n\t<meta property=\"og:image:height\" content=\"525\" \/>\n\t<meta property=\"og:image:type\" content=\"image\/webp\" \/>\n<meta name=\"twitter:card\" content=\"summary_large_image\" \/>\n<script type=\"application\/ld+json\" class=\"yoast-schema-graph\">{\"@context\":\"https:\\\/\\\/schema.org\",\"@graph\":[{\"@type\":\"WebPage\",\"@id\":\"https:\\\/\\\/olin.es\\\/es\\\/telefonia-fija\\\/\",\"url\":\"https:\\\/\\\/olin.es\\\/es\\\/telefonia-fija\\\/\",\"name\":\"Tarifas de tel\u00e9fono fijo baratas - Olin\",\"isPartOf\":{\"@id\":\"https:\\\/\\\/olin.es\\\/es\\\/#website\"},\"datePublished\":\"2025-04-30T08:50:00+00:00\",\"dateModified\":\"2025-05-14T05:59:08+00:00\",\"description\":\"Con las tarifas de tel\u00e9fono fijo de Olin disfrutar\u00e1s de tu tel\u00e9fono fijo all\u00e1 donde vayas al mejor precio. \u00a1El fijo de toda la vida con Olin!\",\"breadcrumb\":{\"@id\":\"https:\\\/\\\/olin.es\\\/es\\\/telefonia-fija\\\/#breadcrumb\"},\"inLanguage\":\"es\",\"potentialAction\":[{\"@type\":\"ReadAction\",\"target\":[\"https:\\\/\\\/olin.es\\\/es\\\/telefonia-fija\\\/\"]}]},{\"@type\":\"BreadcrumbList\",\"@id\":\"https:\\\/\\\/olin.es\\\/es\\\/telefonia-fija\\\/#breadcrumb\",\"itemListElement\":[{\"@type\":\"ListItem\",\"position\":1,\"name\":\"Inicio\",\"item\":\"https:\\\/\\\/olin.es\\\/es\\\/\"},{\"@type\":\"ListItem\",\"position\":2,\"name\":\"Telefon\u00eda Fija\"}]},{\"@type\":\"WebSite\",\"@id\":\"https:\\\/\\\/olin.es\\\/es\\\/#website\",\"url\":\"https:\\\/\\\/olin.es\\\/es\\\/\",\"name\":\"Olin\",\"description\":\"\",\"publisher\":{\"@id\":\"https:\\\/\\\/olin.es\\\/es\\\/#organization\"},\"alternateName\":\"Olin Telecom\",\"potentialAction\":[{\"@type\":\"SearchAction\",\"target\":{\"@type\":\"EntryPoint\",\"urlTemplate\":\"https:\\\/\\\/olin.es\\\/es\\\/?s={search_term_string}\"},\"query-input\":{\"@type\":\"PropertyValueSpecification\",\"valueRequired\":true,\"valueName\":\"search_term_string\"}}],\"inLanguage\":\"es\"},{\"@type\":\"Organization\",\"@id\":\"https:\\\/\\\/olin.es\\\/es\\\/#organization\",\"name\":\"Olin\",\"alternateName\":\"Olin Telecom\",\"url\":\"https:\\\/\\\/olin.es\\\/es\\\/\",\"logo\":{\"@type\":\"ImageObject\",\"inLanguage\":\"es\",\"@id\":\"https:\\\/\\\/olin.es\\\/es\\\/#\\\/schema\\\/logo\\\/image\\\/\",\"url\":\"https:\\\/\\\/olin.es\\\/wp-content\\\/uploads\\\/2025\\\/01\\\/logo-olin-1.svg\",\"contentUrl\":\"https:\\\/\\\/olin.es\\\/wp-content\\\/uploads\\\/2025\\\/01\\\/logo-olin-1.svg\",\"width\":1,\"height\":1,\"caption\":\"Olin\"},\"image\":{\"@id\":\"https:\\\/\\\/olin.es\\\/es\\\/#\\\/schema\\\/logo\\\/image\\\/\"},\"sameAs\":[\"https:\\\/\\\/www.facebook.com\\\/olintelecom\",\"https:\\\/\\\/www.instagram.com\\\/olin.oficial\\\/\",\"https:\\\/\\\/www.linkedin.com\\\/company\\\/olin-telecom\\\/\"]}]}<\/script>\n<!-- \/ Yoast SEO plugin. -->","yoast_head_json":{"title":"Tarifas de tel\u00e9fono fijo baratas - Olin","description":"Con las tarifas de tel\u00e9fono fijo de Olin disfrutar\u00e1s de tu tel\u00e9fono fijo all\u00e1 donde vayas al mejor precio. \u00a1El fijo de toda la vida con Olin!","robots":{"index":"index","follow":"follow","max-snippet":"max-snippet:-1","max-image-preview":"max-image-preview:large","max-video-preview":"max-video-preview:-1"},"canonical":"https:\/\/olin.es\/es\/telefonia-fija\/","og_locale":"es_ES","og_type":"article","og_title":"Tarifas de tel\u00e9fono fijo baratas - Olin","og_description":"Con las tarifas de tel\u00e9fono fijo de Olin disfrutar\u00e1s de tu tel\u00e9fono fijo all\u00e1 donde vayas al mejor precio. \u00a1El fijo de toda la vida con Olin!","og_url":"https:\/\/olin.es\/es\/telefonia-fija\/","og_site_name":"Olin","article_publisher":"https:\/\/www.facebook.com\/olintelecom","article_modified_time":"2025-05-14T05:59:08+00:00","og_image":[{"width":1923,"height":525,"url":"https:\/\/olin.es\/wp-content\/uploads\/2026\/04\/Banner-home-1.webp","type":"image\/webp"}],"twitter_card":"summary_large_image","schema":{"@context":"https:\/\/schema.org","@graph":[{"@type":"WebPage","@id":"https:\/\/olin.es\/es\/telefonia-fija\/","url":"https:\/\/olin.es\/es\/telefonia-fija\/","name":"Tarifas de tel\u00e9fono fijo baratas - Olin","isPartOf":{"@id":"https:\/\/olin.es\/es\/#website"},"datePublished":"2025-04-30T08:50:00+00:00","dateModified":"2025-05-14T05:59:08+00:00","description":"Con las tarifas de tel\u00e9fono fijo de Olin disfrutar\u00e1s de tu tel\u00e9fono fijo all\u00e1 donde vayas al mejor precio. \u00a1El fijo de toda la vida con Olin!","breadcrumb":{"@id":"https:\/\/olin.es\/es\/telefonia-fija\/#breadcrumb"},"inLanguage":"es","potentialAction":[{"@type":"ReadAction","target":["https:\/\/olin.es\/es\/telefonia-fija\/"]}]},{"@type":"BreadcrumbList","@id":"https:\/\/olin.es\/es\/telefonia-fija\/#breadcrumb","itemListElement":[{"@type":"ListItem","position":1,"name":"Inicio","item":"https:\/\/olin.es\/es\/"},{"@type":"ListItem","position":2,"name":"Telefon\u00eda Fija"}]},{"@type":"WebSite","@id":"https:\/\/olin.es\/es\/#website","url":"https:\/\/olin.es\/es\/","name":"Olin","description":"","publisher":{"@id":"https:\/\/olin.es\/es\/#organization"},"alternateName":"Olin Telecom","potentialAction":[{"@type":"SearchAction","target":{"@type":"EntryPoint","urlTemplate":"https:\/\/olin.es\/es\/?s={search_term_string}"},"query-input":{"@type":"PropertyValueSpecification","valueRequired":true,"valueName":"search_term_string"}}],"inLanguage":"es"},{"@type":"Organization","@id":"https:\/\/olin.es\/es\/#organization","name":"Olin","alternateName":"Olin Telecom","url":"https:\/\/olin.es\/es\/","logo":{"@type":"ImageObject","inLanguage":"es","@id":"https:\/\/olin.es\/es\/#\/schema\/logo\/image\/","url":"https:\/\/olin.es\/wp-content\/uploads\/2025\/01\/logo-olin-1.svg","contentUrl":"https:\/\/olin.es\/wp-content\/uploads\/2025\/01\/logo-olin-1.svg","width":1,"height":1,"caption":"Olin"},"image":{"@id":"https:\/\/olin.es\/es\/#\/schema\/logo\/image\/"},"sameAs":["https:\/\/www.facebook.com\/olintelecom","https:\/\/www.instagram.com\/olin.oficial\/","https:\/\/www.linkedin.com\/company\/olin-telecom\/"]}]}},"_links":{"self":[{"href":"https:\/\/olin.es\/es\/wp-json\/wp\/v2\/pages\/173692","targetHints":{"allow":["GET"]}}],"collection":[{"href":"https:\/\/olin.es\/es\/wp-json\/wp\/v2\/pages"}],"about":[{"href":"https:\/\/olin.es\/es\/wp-json\/wp\/v2\/types\/page"}],"author":[{"embeddable":true,"href":"https:\/\/olin.es\/es\/wp-json\/wp\/v2\/users\/8"}],"replies":[{"embeddable":true,"href":"https:\/\/olin.es\/es\/wp-json\/wp\/v2\/comments?post=173692"}],"version-history":[{"count":0,"href":"https:\/\/olin.es\/es\/wp-json\/wp\/v2\/pages\/173692\/revisions"}],"wp:attachment":[{"href":"https:\/\/olin.es\/es\/wp-json\/wp\/v2\/media?parent=173692"}],"curies":[{"name":"wp","href":"https:\/\/api.w.org\/{rel}","templated":true}]}}