{"id":172661,"date":"2025-04-07T16:03:40","date_gmt":"2025-04-07T14:03:40","guid":{"rendered":"https:\/\/olin.es\/?page_id=172661"},"modified":"2025-11-24T16:54:02","modified_gmt":"2025-11-24T14:54:02","slug":"tiendas","status":"publish","type":"page","link":"https:\/\/olin.es\/es\/tiendas\/","title":{"rendered":"Tiendas Olin"},"content":{"rendered":"","protected":false},"excerpt":{"rendered":"","protected":false},"author":8,"featured_media":172663,"parent":0,"menu_order":18,"comment_status":"closed","ping_status":"closed","template":"page-tiendas.php","meta":{"_acf_changed":false,"inline_featured_image":false,"footnotes":""},"class_list":["post-172661","page","type-page","status-publish","has-post-thumbnail","hentry"],"acf":[],"yoast_head":"<!-- This site is optimized with the Yoast SEO plugin v27.2 - https:\/\/yoast.com\/product\/yoast-seo-wordpress\/ -->\n<title>Tiendas Olin cerca de ti, encuentra tu Olin Store<\/title>\n<meta name=\"description\" content=\"Tiendas Olin: ofrecemos wifi y m\u00f3vil, fibra y televisi\u00f3n, contratos de telefon\u00eda, accesorios y otros servicios cerca de ti\" \/>\n<meta name=\"robots\" content=\"index, follow, max-snippet:-1, max-image-preview:large, max-video-preview:-1\" \/>\n<link rel=\"canonical\" href=\"https:\/\/olin.es\/es\/tiendas\/\" \/>\n<meta property=\"og:locale\" content=\"es_ES\" \/>\n<meta property=\"og:type\" content=\"article\" \/>\n<meta property=\"og:title\" content=\"Tiendas Olin cerca de ti, encuentra tu Olin Store\" \/>\n<meta property=\"og:description\" content=\"Tiendas Olin: ofrecemos wifi y m\u00f3vil, fibra y televisi\u00f3n, contratos de telefon\u00eda, accesorios y otros servicios cerca de ti\" \/>\n<meta property=\"og:url\" content=\"https:\/\/olin.es\/es\/tiendas\/\" \/>\n<meta property=\"og:site_name\" content=\"Olin\" \/>\n<meta property=\"article:publisher\" content=\"https:\/\/www.facebook.com\/olintelecom\" \/>\n<meta property=\"article:modified_time\" content=\"2025-11-24T14:54:02+00:00\" \/>\n<meta property=\"og:image\" content=\"https:\/\/olin.es\/wp-content\/uploads\/2025\/04\/banner-tiendasnew.jpg\" \/>\n\t<meta property=\"og:image:width\" content=\"2060\" \/>\n\t<meta property=\"og:image:height\" content=\"563\" \/>\n\t<meta property=\"og:image:type\" content=\"image\/jpeg\" \/>\n<meta name=\"twitter:card\" content=\"summary_large_image\" \/>\n<meta name=\"twitter:label1\" content=\"Tiempo de lectura\" \/>\n\t<meta name=\"twitter:data1\" content=\"1 minuto\" \/>\n<script type=\"application\/ld+json\" class=\"yoast-schema-graph\">{\"@context\":\"https:\/\/schema.org\",\"@graph\":[{\"@type\":\"WebPage\",\"@id\":\"https:\/\/olin.es\/es\/tiendas\/\",\"url\":\"https:\/\/olin.es\/es\/tiendas\/\",\"name\":\"Tiendas Olin cerca de ti, encuentra tu Olin Store\",\"isPartOf\":{\"@id\":\"https:\/\/olin.es\/#website\"},\"primaryImageOfPage\":{\"@id\":\"https:\/\/olin.es\/es\/tiendas\/#primaryimage\"},\"image\":{\"@id\":\"https:\/\/olin.es\/es\/tiendas\/#primaryimage\"},\"thumbnailUrl\":\"https:\/\/olin.es\/wp-content\/uploads\/2025\/04\/banner-tiendasnew.jpg\",\"datePublished\":\"2025-04-07T14:03:40+00:00\",\"dateModified\":\"2025-11-24T14:54:02+00:00\",\"description\":\"Tiendas Olin: ofrecemos wifi y m\u00f3vil, fibra y televisi\u00f3n, contratos de telefon\u00eda, accesorios y otros servicios cerca de ti\",\"breadcrumb\":{\"@id\":\"https:\/\/olin.es\/es\/tiendas\/#breadcrumb\"},\"inLanguage\":\"es\",\"potentialAction\":[{\"@type\":\"ReadAction\",\"target\":[\"https:\/\/olin.es\/es\/tiendas\/\"]}]},{\"@type\":\"ImageObject\",\"inLanguage\":\"es\",\"@id\":\"https:\/\/olin.es\/es\/tiendas\/#primaryimage\",\"url\":\"https:\/\/olin.es\/wp-content\/uploads\/2025\/04\/banner-tiendasnew.jpg\",\"contentUrl\":\"https:\/\/olin.es\/wp-content\/uploads\/2025\/04\/banner-tiendasnew.jpg\",\"width\":2060,\"height\":563},{\"@type\":\"BreadcrumbList\",\"@id\":\"https:\/\/olin.es\/es\/tiendas\/#breadcrumb\",\"itemListElement\":[{\"@type\":\"ListItem\",\"position\":1,\"name\":\"Inicio\",\"item\":\"https:\/\/olin.es\/es\/\"},{\"@type\":\"ListItem\",\"position\":2,\"name\":\"Tiendas Olin\"}]},{\"@type\":\"WebSite\",\"@id\":\"https:\/\/olin.es\/#website\",\"url\":\"https:\/\/olin.es\/\",\"name\":\"Olin\",\"description\":\"\",\"publisher\":{\"@id\":\"https:\/\/olin.es\/#organization\"},\"alternateName\":\"Olin Telecom\",\"potentialAction\":[{\"@type\":\"SearchAction\",\"target\":{\"@type\":\"EntryPoint\",\"urlTemplate\":\"https:\/\/olin.es\/?s={search_term_string}\"},\"query-input\":{\"@type\":\"PropertyValueSpecification\",\"valueRequired\":true,\"valueName\":\"search_term_string\"}}],\"inLanguage\":\"es\"},{\"@type\":\"Organization\",\"@id\":\"https:\/\/olin.es\/#organization\",\"name\":\"Olin\",\"alternateName\":\"Olin Telecom\",\"url\":\"https:\/\/olin.es\/\",\"logo\":{\"@type\":\"ImageObject\",\"inLanguage\":\"es\",\"@id\":\"https:\/\/olin.es\/#\/schema\/logo\/image\/\",\"url\":\"https:\/\/olin.es\/wp-content\/uploads\/2023\/06\/Captura-de-pantalla-2023-06-01-a-las-9.20.32.png\",\"contentUrl\":\"https:\/\/olin.es\/wp-content\/uploads\/2023\/06\/Captura-de-pantalla-2023-06-01-a-las-9.20.32.png\",\"width\":636,\"height\":636,\"caption\":\"Olin\"},\"image\":{\"@id\":\"https:\/\/olin.es\/#\/schema\/logo\/image\/\"},\"sameAs\":[\"https:\/\/www.facebook.com\/olintelecom\",\"https:\/\/www.instagram.com\/olin.oficial\/\",\"https:\/\/www.linkedin.com\/company\/olin-telecom\/\"]}]}<\/script>\n<!-- \/ Yoast SEO plugin. -->","yoast_head_json":{"title":"Tiendas Olin cerca de ti, encuentra tu Olin Store","description":"Tiendas Olin: ofrecemos wifi y m\u00f3vil, fibra y televisi\u00f3n, contratos de telefon\u00eda, accesorios y otros servicios cerca de ti","robots":{"index":"index","follow":"follow","max-snippet":"max-snippet:-1","max-image-preview":"max-image-preview:large","max-video-preview":"max-video-preview:-1"},"canonical":"https:\/\/olin.es\/es\/tiendas\/","og_locale":"es_ES","og_type":"article","og_title":"Tiendas Olin cerca de ti, encuentra tu Olin Store","og_description":"Tiendas Olin: ofrecemos wifi y m\u00f3vil, fibra y televisi\u00f3n, contratos de telefon\u00eda, accesorios y otros servicios cerca de ti","og_url":"https:\/\/olin.es\/es\/tiendas\/","og_site_name":"Olin","article_publisher":"https:\/\/www.facebook.com\/olintelecom","article_modified_time":"2025-11-24T14:54:02+00:00","og_image":[{"width":2060,"height":563,"url":"https:\/\/olin.es\/wp-content\/uploads\/2025\/04\/banner-tiendasnew.jpg","type":"image\/jpeg"}],"twitter_card":"summary_large_image","twitter_misc":{"Tiempo de lectura":"1 minuto"},"schema":{"@context":"https:\/\/schema.org","@graph":[{"@type":"WebPage","@id":"https:\/\/olin.es\/es\/tiendas\/","url":"https:\/\/olin.es\/es\/tiendas\/","name":"Tiendas Olin cerca de ti, encuentra tu Olin Store","isPartOf":{"@id":"https:\/\/olin.es\/#website"},"primaryImageOfPage":{"@id":"https:\/\/olin.es\/es\/tiendas\/#primaryimage"},"image":{"@id":"https:\/\/olin.es\/es\/tiendas\/#primaryimage"},"thumbnailUrl":"https:\/\/olin.es\/wp-content\/uploads\/2025\/04\/banner-tiendasnew.jpg","datePublished":"2025-04-07T14:03:40+00:00","dateModified":"2025-11-24T14:54:02+00:00","description":"Tiendas Olin: ofrecemos wifi y m\u00f3vil, fibra y televisi\u00f3n, contratos de telefon\u00eda, accesorios y otros servicios cerca de ti","breadcrumb":{"@id":"https:\/\/olin.es\/es\/tiendas\/#breadcrumb"},"inLanguage":"es","potentialAction":[{"@type":"ReadAction","target":["https:\/\/olin.es\/es\/tiendas\/"]}]},{"@type":"ImageObject","inLanguage":"es","@id":"https:\/\/olin.es\/es\/tiendas\/#primaryimage","url":"https:\/\/olin.es\/wp-content\/uploads\/2025\/04\/banner-tiendasnew.jpg","contentUrl":"https:\/\/olin.es\/wp-content\/uploads\/2025\/04\/banner-tiendasnew.jpg","width":2060,"height":563},{"@type":"BreadcrumbList","@id":"https:\/\/olin.es\/es\/tiendas\/#breadcrumb","itemListElement":[{"@type":"ListItem","position":1,"name":"Inicio","item":"https:\/\/olin.es\/es\/"},{"@type":"ListItem","position":2,"name":"Tiendas Olin"}]},{"@type":"WebSite","@id":"https:\/\/olin.es\/#website","url":"https:\/\/olin.es\/","name":"Olin","description":"","publisher":{"@id":"https:\/\/olin.es\/#organization"},"alternateName":"Olin Telecom","potentialAction":[{"@type":"SearchAction","target":{"@type":"EntryPoint","urlTemplate":"https:\/\/olin.es\/?s={search_term_string}"},"query-input":{"@type":"PropertyValueSpecification","valueRequired":true,"valueName":"search_term_string"}}],"inLanguage":"es"},{"@type":"Organization","@id":"https:\/\/olin.es\/#organization","name":"Olin","alternateName":"Olin Telecom","url":"https:\/\/olin.es\/","logo":{"@type":"ImageObject","inLanguage":"es","@id":"https:\/\/olin.es\/#\/schema\/logo\/image\/","url":"https:\/\/olin.es\/wp-content\/uploads\/2023\/06\/Captura-de-pantalla-2023-06-01-a-las-9.20.32.png","contentUrl":"https:\/\/olin.es\/wp-content\/uploads\/2023\/06\/Captura-de-pantalla-2023-06-01-a-las-9.20.32.png","width":636,"height":636,"caption":"Olin"},"image":{"@id":"https:\/\/olin.es\/#\/schema\/logo\/image\/"},"sameAs":["https:\/\/www.facebook.com\/olintelecom","https:\/\/www.instagram.com\/olin.oficial\/","https:\/\/www.linkedin.com\/company\/olin-telecom\/"]}]}},"_links":{"self":[{"href":"https:\/\/olin.es\/es\/wp-json\/wp\/v2\/pages\/172661","targetHints":{"allow":["GET"]}}],"collection":[{"href":"https:\/\/olin.es\/es\/wp-json\/wp\/v2\/pages"}],"about":[{"href":"https:\/\/olin.es\/es\/wp-json\/wp\/v2\/types\/page"}],"author":[{"embeddable":true,"href":"https:\/\/olin.es\/es\/wp-json\/wp\/v2\/users\/8"}],"replies":[{"embeddable":true,"href":"https:\/\/olin.es\/es\/wp-json\/wp\/v2\/comments?post=172661"}],"version-history":[{"count":1,"href":"https:\/\/olin.es\/es\/wp-json\/wp\/v2\/pages\/172661\/revisions"}],"predecessor-version":[{"id":204595,"href":"https:\/\/olin.es\/es\/wp-json\/wp\/v2\/pages\/172661\/revisions\/204595"}],"wp:featuredmedia":[{"embeddable":true,"href":"https:\/\/olin.es\/es\/wp-json\/wp\/v2\/media\/172663"}],"wp:attachment":[{"href":"https:\/\/olin.es\/es\/wp-json\/wp\/v2\/media?parent=172661"}],"curies":[{"name":"wp","href":"https:\/\/api.w.org\/{rel}","templated":true}]}}